{"id":90973,"date":"2024-06-27T08:34:38","date_gmt":"2024-06-27T06:34:38","guid":{"rendered":"https:\/\/www.coppernic.fr\/coppernic-sav\/"},"modified":"2025-08-04T13:46:12","modified_gmt":"2025-08-04T11:46:12","slug":"coppernic-sav","status":"publish","type":"page","link":"https:\/\/www.coppernic.fr\/en\/coppernic-sav\/","title":{"rendered":"Coppernic SAV"},"content":{"rendered":"\t\t<div data-elementor-type=\"wp-page\" data-elementor-id=\"90973\" class=\"elementor elementor-90973 elementor-90688\" data-elementor-post-type=\"page\">\n\t\t\t\t<div class=\"elementor-element elementor-element-6f86b40 e-flex e-con-boxed e-con e-parent\" data-id=\"6f86b40\" data-element_type=\"container\" data-e-type=\"container\" data-settings=\"{&quot;background_background&quot;:&quot;classic&quot;}\">\n\t\t\t\t\t<div class=\"e-con-inner\">\n\t\t\t\t<div class=\"elementor-element elementor-element-dc7d627 elementor-widget elementor-widget-image\" data-id=\"dc7d627\" data-element_type=\"widget\" data-e-type=\"widget\" data-widget_type=\"image.default\">\n\t\t\t\t<div class=\"elementor-widget-container\">\n\t\t\t\t\t\t\t\t\t\t\t\t\t\t\t<img fetchpriority=\"high\" decoding=\"async\" width=\"651\" height=\"108\" src=\"https:\/\/www.coppernic.fr\/wp-content\/uploads\/logo-header-red-baseline-1.webp\" class=\"attachment-full size-full wp-image-91736\" alt=\"\" srcset=\"https:\/\/www.coppernic.fr\/wp-content\/uploads\/logo-header-red-baseline-1.webp 651w, https:\/\/www.coppernic.fr\/wp-content\/uploads\/logo-header-red-baseline-1-300x50.webp 300w\" sizes=\"(max-width: 651px) 100vw, 651px\" \/>\t\t\t\t\t\t\t\t\t\t\t\t\t\t\t<\/div>\n\t\t\t\t<\/div>\n\t\t\t\t<div class=\"elementor-element elementor-element-ffd2923 stroke-it elementor-widget elementor-widget-heading\" data-id=\"ffd2923\" data-element_type=\"widget\" data-e-type=\"widget\" data-widget_type=\"heading.default\">\n\t\t\t\t<div class=\"elementor-widget-container\">\n\t\t\t\t\t<h1 class=\"elementor-heading-title elementor-size-default\">AFTER SALES<\/h1>\t\t\t\t<\/div>\n\t\t\t\t<\/div>\n\t\t\t\t\t<\/div>\n\t\t\t\t<\/div>\n\t\t<div class=\"elementor-element elementor-element-cf1406d e-con-full e-flex e-con e-parent\" data-id=\"cf1406d\" data-element_type=\"container\" data-e-type=\"container\">\n\t\t\t\t<div class=\"elementor-element elementor-element-9928c6f elementor-view-default elementor-widget elementor-widget-icon\" data-id=\"9928c6f\" data-element_type=\"widget\" data-e-type=\"widget\" data-widget_type=\"icon.default\">\n\t\t\t\t<div class=\"elementor-widget-container\">\n\t\t\t\t\t\t\t<div class=\"elementor-icon-wrapper\">\n\t\t\t<div class=\"elementor-icon\">\n\t\t\t<svg aria-hidden=\"true\" class=\"e-font-icon-svg e-fas-screwdriver\" viewBox=\"0 0 512 512\" xmlns=\"http:\/\/www.w3.org\/2000\/svg\"><path d=\"M448 0L320 96v62.06l-83.03 83.03c6.79 4.25 13.27 9.06 19.07 14.87 5.8 5.8 10.62 12.28 14.87 19.07L353.94 192H416l96-128-64-64zM128 278.59L10.92 395.67c-14.55 14.55-14.55 38.15 0 52.71l52.7 52.7c14.56 14.56 38.15 14.56 52.71 0L233.41 384c29.11-29.11 29.11-76.3 0-105.41s-76.3-29.11-105.41 0z\"><\/path><\/svg>\t\t\t<\/div>\n\t\t<\/div>\n\t\t\t\t\t\t<\/div>\n\t\t\t\t<\/div>\n\t\t\t\t<div class=\"elementor-element elementor-element-ed44257 elementor-widget elementor-widget-heading\" data-id=\"ed44257\" data-element_type=\"widget\" data-e-type=\"widget\" data-widget_type=\"heading.default\">\n\t\t\t\t<div class=\"elementor-widget-container\">\n\t\t\t\t\t<h2 class=\"elementor-heading-title elementor-size-xxl\">Have you encountered a problem?<\/h2>\t\t\t\t<\/div>\n\t\t\t\t<\/div>\n\t\t\t\t<\/div>\n\t\t<div class=\"elementor-element elementor-element-ebf6a6c e-flex e-con-boxed e-con e-parent\" data-id=\"ebf6a6c\" data-element_type=\"container\" data-e-type=\"container\" data-settings=\"{&quot;background_background&quot;:&quot;classic&quot;}\">\n\t\t\t\t\t<div class=\"e-con-inner\">\n\t\t<div class=\"elementor-element elementor-element-a67e165 e-con-full e-flex e-con e-child\" data-id=\"a67e165\" data-element_type=\"container\" data-e-type=\"container\">\n\t\t\t\t<div class=\"elementor-element elementor-element-4e1c6ce elementor-widget elementor-widget-heading\" data-id=\"4e1c6ce\" data-element_type=\"widget\" data-e-type=\"widget\" data-widget_type=\"heading.default\">\n\t\t\t\t<div class=\"elementor-widget-container\">\n\t\t\t\t\t<h3 class=\"elementor-heading-title elementor-size-xxl\">Click below to submit your request<br> to our customer service department<\/h3>\t\t\t\t<\/div>\n\t\t\t\t<\/div>\n\t\t\t\t<\/div>\n\t\t<div class=\"elementor-element elementor-element-bb353ae e-con-full e-flex e-con e-child\" data-id=\"bb353ae\" data-element_type=\"container\" data-e-type=\"container\">\n\t\t\t\t<div class=\"elementor-element elementor-element-4027db1 elementor-align-center elementor-button-info elementor-invisible elementor-widget elementor-widget-button\" data-id=\"4027db1\" data-element_type=\"widget\" data-e-type=\"widget\" data-settings=\"{&quot;_animation&quot;:&quot;zoomIn&quot;}\" data-widget_type=\"button.default\">\n\t\t\t\t<div class=\"elementor-widget-container\">\n\t\t\t\t\t\t\t\t\t<div class=\"elementor-button-wrapper\">\n\t\t\t\t\t<a class=\"elementor-button elementor-button-link elementor-size-lg elementor-animation-grow\" href=\"https:\/\/customer.support.coppernic.com\/servicedesk\/customer\/portal\/14\" target=\"_blank\">\n\t\t\t\t\t\t<span class=\"elementor-button-content-wrapper\">\n\t\t\t\t\t\t<span class=\"elementor-button-icon\">\n\t\t\t\t<svg aria-hidden=\"true\" class=\"e-font-icon-svg e-fas-tools\" viewBox=\"0 0 512 512\" xmlns=\"http:\/\/www.w3.org\/2000\/svg\"><path d=\"M501.1 395.7L384 278.6c-23.1-23.1-57.6-27.6-85.4-13.9L192 158.1V96L64 0 0 64l96 128h62.1l106.6 106.6c-13.6 27.8-9.2 62.3 13.9 85.4l117.1 117.1c14.6 14.6 38.2 14.6 52.7 0l52.7-52.7c14.5-14.6 14.5-38.2 0-52.7zM331.7 225c28.3 0 54.9 11 74.9 31l19.4 19.4c15.8-6.9 30.8-16.5 43.8-29.5 37.1-37.1 49.7-89.3 37.9-136.7-2.2-9-13.5-12.1-20.1-5.5l-74.4 74.4-67.9-11.3L334 98.9l74.4-74.4c6.6-6.6 3.4-17.9-5.7-20.2-47.4-11.7-99.6.9-136.6 37.9-28.5 28.5-41.9 66.1-41.2 103.6l82.1 82.1c8.1-1.9 16.5-2.9 24.7-2.9zm-103.9 82l-56.7-56.7L18.7 402.8c-25 25-25 65.5 0 90.5s65.5 25 90.5 0l123.6-123.6c-7.6-19.9-9.9-41.6-5-62.7zM64 472c-13.2 0-24-10.8-24-24 0-13.3 10.7-24 24-24s24 10.7 24 24c0 13.2-10.7 24-24 24z\"><\/path><\/svg>\t\t\t<\/span>\n\t\t\t\t\t\t\t\t\t<span class=\"elementor-button-text\">CUSTOMER SERVICE PORTAL<\/span>\n\t\t\t\t\t<\/span>\n\t\t\t\t\t<\/a>\n\t\t\t\t<\/div>\n\t\t\t\t\t\t\t\t<\/div>\n\t\t\t\t<\/div>\n\t\t\t\t<\/div>\n\t\t<div class=\"elementor-element elementor-element-b715a71 e-con-full e-flex e-con e-child\" data-id=\"b715a71\" data-element_type=\"container\" data-e-type=\"container\">\n\t\t<div class=\"elementor-element elementor-element-cd68768 e-con-full e-flex e-con e-child\" data-id=\"cd68768\" data-element_type=\"container\" data-e-type=\"container\">\n\t\t\t\t<div class=\"elementor-element elementor-element-826e54c elementor-view-default elementor-widget elementor-widget-icon\" data-id=\"826e54c\" data-element_type=\"widget\" data-e-type=\"widget\" data-widget_type=\"icon.default\">\n\t\t\t\t<div class=\"elementor-widget-container\">\n\t\t\t\t\t\t\t<div class=\"elementor-icon-wrapper\">\n\t\t\t<div class=\"elementor-icon\">\n\t\t\t<svg aria-hidden=\"true\" class=\"e-font-icon-svg e-fas-info-circle\" viewBox=\"0 0 512 512\" xmlns=\"http:\/\/www.w3.org\/2000\/svg\"><path d=\"M256 8C119.043 8 8 119.083 8 256c0 136.997 111.043 248 248 248s248-111.003 248-248C504 119.083 392.957 8 256 8zm0 110c23.196 0 42 18.804 42 42s-18.804 42-42 42-42-18.804-42-42 18.804-42 42-42zm56 254c0 6.627-5.373 12-12 12h-88c-6.627 0-12-5.373-12-12v-24c0-6.627 5.373-12 12-12h12v-64h-12c-6.627 0-12-5.373-12-12v-24c0-6.627 5.373-12 12-12h64c6.627 0 12 5.373 12 12v100h12c6.627 0 12 5.373 12 12v24z\"><\/path><\/svg>\t\t\t<\/div>\n\t\t<\/div>\n\t\t\t\t\t\t<\/div>\n\t\t\t\t<\/div>\n\t\t\t\t<div class=\"elementor-element elementor-element-a87974e elementor-widget elementor-widget-text-editor\" data-id=\"a87974e\" data-element_type=\"widget\" data-e-type=\"widget\" data-widget_type=\"text-editor.default\">\n\t\t\t\t<div class=\"elementor-widget-container\">\n\t\t\t\t\t\t\t\t\t<p>To access the platform, you must either <a style=\"color: #fff; text-decoration: underline;\" href=\"https:\/\/id.atlassian.com\/signup?continue=https%3A%2F%2Fwww.atlassian.com%2Fgateway%2Fapi%2Fstart%2Fauthredirect\">create an Atlassian account<\/a>, or <a style=\"color: #fff; text-decoration: underline;\" href=\"https:\/\/id.atlassian.com\/login?continue=https%3A%2F%2Fwww.atlassian.com%2Fgateway%2Fapi%2Fstart%2Fauthredirect\">log in with your current account<\/a>, which will allow you to take full advantage of all these features.<\/p>\n\t\t\t\t\t\t\t\t<\/div>\n\t\t\t\t<\/div>\n\t\t\t\t<div class=\"elementor-element elementor-element-1c946ba elementor-widget elementor-widget-text-editor\" data-id=\"1c946ba\" data-element_type=\"widget\" data-e-type=\"widget\" data-widget_type=\"text-editor.default\">\n\t\t\t\t<div class=\"elementor-widget-container\">\n\t\t\t\t\t\t\t\t\t<p>Don&#8217;t hesitate to <a style=\"text-decoration: underline; color: #fff;\" href=\"mailto:sav@coppernic.fr\">contact us<\/a> if you have any questions or need help accessing the new platform on <a style=\"color: #fff; text-decoration: underline;\" href=\"https:\/\/www.atlassian.com\/fr\" target=\"_blank\" rel=\"noopener\">Atlassian Jira<\/a>.<\/p>\n<p>Our team will be happy to support you through this transition.<\/p>\n\t\t\t\t\t\t\t\t<\/div>\n\t\t\t\t<\/div>\n\t\t\t\t<\/div>\n\t\t<div class=\"elementor-element elementor-element-584b1bf e-con-full e-flex e-con e-child\" data-id=\"584b1bf\" data-element_type=\"container\" data-e-type=\"container\">\n\t\t\t\t<div class=\"elementor-element elementor-element-5f3b354 elementor-widget elementor-widget-image\" data-id=\"5f3b354\" data-element_type=\"widget\" data-e-type=\"widget\" data-widget_type=\"image.default\">\n\t\t\t\t<div class=\"elementor-widget-container\">\n\t\t\t\t\t\t\t\t\t\t\t\t\t\t\t\t<a href=\"#elementor-action%3Aaction%3Dpopup%3Aopen%26settings%3DeyJpZCI6OTA3MjEsInRvZ2dsZSI6ZmFsc2V9\">\n\t\t\t\t\t\t\t<img decoding=\"async\" src=\"https:\/\/www.coppernic.fr\/wp-content\/uploads\/mode-emploi-video.svg\" title=\"mode-emploi-video\" alt=\"mode-emploi-video\" class=\"elementor-animation-grow\" loading=\"lazy\" \/>\t\t\t\t\t\t\t\t<\/a>\n\t\t\t\t\t\t\t\t\t\t\t\t\t\t\t<\/div>\n\t\t\t\t<\/div>\n\t\t\t\t<\/div>\n\t\t\t\t<\/div>\n\t\t\t\t\t<\/div>\n\t\t\t\t<\/div>\n\t\t<div class=\"elementor-element elementor-element-172d28c e-flex e-con-boxed e-con e-parent\" data-id=\"172d28c\" data-element_type=\"container\" data-e-type=\"container\">\n\t\t\t\t\t<div class=\"e-con-inner\">\n\t\t\t\t<div class=\"elementor-element elementor-element-682a941 elementor-widget elementor-widget-text-editor\" data-id=\"682a941\" data-element_type=\"widget\" data-e-type=\"widget\" data-widget_type=\"text-editor.default\">\n\t\t\t\t<div class=\"elementor-widget-container\">\n\t\t\t\t\t\t\t\t\t<p>This dedicated environment allows you to:<\/p>\n\t\t\t\t\t\t\t\t<\/div>\n\t\t\t\t<\/div>\n\t\t<div class=\"elementor-element elementor-element-a1820bb e-con-full e-flex e-con e-child\" data-id=\"a1820bb\" data-element_type=\"container\" data-e-type=\"container\">\n\t\t<div class=\"elementor-element elementor-element-0290cb9 e-con-full e-flex e-con e-child\" data-id=\"0290cb9\" data-element_type=\"container\" data-e-type=\"container\">\n\t\t\t\t<div class=\"elementor-element elementor-element-83c4584 elementor-view-default elementor-position-block-start elementor-mobile-position-block-start elementor-widget elementor-widget-icon-box\" data-id=\"83c4584\" data-element_type=\"widget\" data-e-type=\"widget\" data-widget_type=\"icon-box.default\">\n\t\t\t\t<div class=\"elementor-widget-container\">\n\t\t\t\t\t\t\t<div class=\"elementor-icon-box-wrapper\">\n\n\t\t\t\t\t\t<div class=\"elementor-icon-box-icon\">\n\t\t\t\t<span  class=\"elementor-icon\">\n\t\t\t\t<svg aria-hidden=\"true\" class=\"e-font-icon-svg e-far-clock\" viewBox=\"0 0 512 512\" xmlns=\"http:\/\/www.w3.org\/2000\/svg\"><path d=\"M256 8C119 8 8 119 8 256s111 248 248 248 248-111 248-248S393 8 256 8zm0 448c-110.5 0-200-89.5-200-200S145.5 56 256 56s200 89.5 200 200-89.5 200-200 200zm61.8-104.4l-84.9-61.7c-3.1-2.3-4.9-5.9-4.9-9.7V116c0-6.6 5.4-12 12-12h32c6.6 0 12 5.4 12 12v141.7l66.8 48.6c5.4 3.9 6.5 11.4 2.6 16.8L334.6 349c-3.9 5.3-11.4 6.5-16.8 2.6z\"><\/path><\/svg>\t\t\t\t<\/span>\n\t\t\t<\/div>\n\t\t\t\n\t\t\t\t\t\t<div class=\"elementor-icon-box-content\">\n\n\t\t\t\t\t\t\t\t\t<h3 class=\"elementor-icon-box-title\">\n\t\t\t\t\t\t<span  >\n\t\t\t\t\t\t\ttrack the progress of your requests in real time\t\t\t\t\t\t<\/span>\n\t\t\t\t\t<\/h3>\n\t\t\t\t\n\t\t\t\t\n\t\t\t<\/div>\n\t\t\t\n\t\t<\/div>\n\t\t\t\t\t\t<\/div>\n\t\t\t\t<\/div>\n\t\t\t\t<\/div>\n\t\t<div class=\"elementor-element elementor-element-934eb62 e-con-full e-flex e-con e-child\" data-id=\"934eb62\" data-element_type=\"container\" data-e-type=\"container\">\n\t\t\t\t<div class=\"elementor-element elementor-element-bace5d5 elementor-view-default elementor-position-block-start elementor-mobile-position-block-start elementor-widget elementor-widget-icon-box\" data-id=\"bace5d5\" data-element_type=\"widget\" data-e-type=\"widget\" data-widget_type=\"icon-box.default\">\n\t\t\t\t<div class=\"elementor-widget-container\">\n\t\t\t\t\t\t\t<div class=\"elementor-icon-box-wrapper\">\n\n\t\t\t\t\t\t<div class=\"elementor-icon-box-icon\">\n\t\t\t\t<span  class=\"elementor-icon\">\n\t\t\t\t<svg aria-hidden=\"true\" class=\"e-font-icon-svg e-fas-comments\" viewBox=\"0 0 576 512\" xmlns=\"http:\/\/www.w3.org\/2000\/svg\"><path d=\"M416 192c0-88.4-93.1-160-208-160S0 103.6 0 192c0 34.3 14.1 65.9 38 92-13.4 30.2-35.5 54.2-35.8 54.5-2.2 2.3-2.8 5.7-1.5 8.7S4.8 352 8 352c36.6 0 66.9-12.3 88.7-25 32.2 15.7 70.3 25 111.3 25 114.9 0 208-71.6 208-160zm122 220c23.9-26 38-57.7 38-92 0-66.9-53.5-124.2-129.3-148.1.9 6.6 1.3 13.3 1.3 20.1 0 105.9-107.7 192-240 192-10.8 0-21.3-.8-31.7-1.9C207.8 439.6 281.8 480 368 480c41 0 79.1-9.2 111.3-25 21.8 12.7 52.1 25 88.7 25 3.2 0 6.1-1.9 7.3-4.8 1.3-2.9.7-6.3-1.5-8.7-.3-.3-22.4-24.2-35.8-54.5z\"><\/path><\/svg>\t\t\t\t<\/span>\n\t\t\t<\/div>\n\t\t\t\n\t\t\t\t\t\t<div class=\"elementor-icon-box-content\">\n\n\t\t\t\t\t\t\t\t\t<h3 class=\"elementor-icon-box-title\">\n\t\t\t\t\t\t<span  >\n\t\t\t\t\t\t\tcommunicate more easily with our teams. \t\t\t\t\t\t<\/span>\n\t\t\t\t\t<\/h3>\n\t\t\t\t\n\t\t\t\t\n\t\t\t<\/div>\n\t\t\t\n\t\t<\/div>\n\t\t\t\t\t\t<\/div>\n\t\t\t\t<\/div>\n\t\t\t\t<\/div>\n\t\t<div class=\"elementor-element elementor-element-e92c8d8 e-con-full e-flex e-con e-child\" data-id=\"e92c8d8\" data-element_type=\"container\" data-e-type=\"container\">\n\t\t\t\t<div class=\"elementor-element elementor-element-7f8f665 elementor-view-default elementor-position-block-start elementor-mobile-position-block-start elementor-widget elementor-widget-icon-box\" data-id=\"7f8f665\" data-element_type=\"widget\" data-e-type=\"widget\" data-widget_type=\"icon-box.default\">\n\t\t\t\t<div class=\"elementor-widget-container\">\n\t\t\t\t\t\t\t<div class=\"elementor-icon-box-wrapper\">\n\n\t\t\t\t\t\t<div class=\"elementor-icon-box-icon\">\n\t\t\t\t<span  class=\"elementor-icon\">\n\t\t\t\t<svg aria-hidden=\"true\" class=\"e-font-icon-svg e-fas-file-alt\" viewBox=\"0 0 384 512\" xmlns=\"http:\/\/www.w3.org\/2000\/svg\"><path d=\"M224 136V0H24C10.7 0 0 10.7 0 24v464c0 13.3 10.7 24 24 24h336c13.3 0 24-10.7 24-24V160H248c-13.2 0-24-10.8-24-24zm64 236c0 6.6-5.4 12-12 12H108c-6.6 0-12-5.4-12-12v-8c0-6.6 5.4-12 12-12h168c6.6 0 12 5.4 12 12v8zm0-64c0 6.6-5.4 12-12 12H108c-6.6 0-12-5.4-12-12v-8c0-6.6 5.4-12 12-12h168c6.6 0 12 5.4 12 12v8zm0-72v8c0 6.6-5.4 12-12 12H108c-6.6 0-12-5.4-12-12v-8c0-6.6 5.4-12 12-12h168c6.6 0 12 5.4 12 12zm96-114.1v6.1H256V0h6.1c6.4 0 12.5 2.5 17 7l97.9 98c4.5 4.5 7 10.6 7 16.9z\"><\/path><\/svg>\t\t\t\t<\/span>\n\t\t\t<\/div>\n\t\t\t\n\t\t\t\t\t\t<div class=\"elementor-icon-box-content\">\n\n\t\t\t\t\t\t\t\t\t<h3 class=\"elementor-icon-box-title\">\n\t\t\t\t\t\t<span  >\n\t\t\t\t\t\t\tfind answers to your questions in our FAQ section.  \t\t\t\t\t\t<\/span>\n\t\t\t\t\t<\/h3>\n\t\t\t\t\n\t\t\t\t\n\t\t\t<\/div>\n\t\t\t\n\t\t<\/div>\n\t\t\t\t\t\t<\/div>\n\t\t\t\t<\/div>\n\t\t\t\t<\/div>\n\t\t\t\t<\/div>\n\t\t\t\t\t<\/div>\n\t\t\t\t<\/div>\n\t\t\t\t<\/div>\n\t\t","protected":false},"excerpt":{"rendered":"<p>AFTER SALES Have you encountered a problem? Click below to submit your request to our customer service department CUSTOMER SERVICE [&hellip;]<\/p>\n","protected":false},"author":2,"featured_media":0,"parent":0,"menu_order":13,"comment_status":"closed","ping_status":"closed","template":"","meta":{"rs_blank_template":"","rs_page_bg_color":"","slide_template_v7":"","footnotes":""},"class_list":["post-90973","page","type-page","status-publish","hentry"],"yoast_head":"<!-- This site is optimized with the Yoast SEO plugin v27.3 - https:\/\/yoast.com\/product\/yoast-seo-wordpress\/ -->\n<title>Coppernic SAV - Coppernic<\/title>\n<meta name=\"robots\" content=\"index, follow, max-snippet:-1, max-image-preview:large, max-video-preview:-1\" \/>\n<link rel=\"canonical\" href=\"https:\/\/www.coppernic.fr\/en\/coppernic-sav\/\" \/>\n<meta property=\"og:locale\" content=\"en_US\" \/>\n<meta property=\"og:type\" content=\"article\" \/>\n<meta property=\"og:title\" content=\"Coppernic SAV - Coppernic\" \/>\n<meta property=\"og:description\" content=\"AFTER SALES Have you encountered a problem? Click below to submit your request to our customer service department CUSTOMER SERVICE [&hellip;]\" \/>\n<meta property=\"og:url\" content=\"https:\/\/www.coppernic.fr\/en\/coppernic-sav\/\" \/>\n<meta property=\"og:site_name\" content=\"Coppernic\" \/>\n<meta property=\"article:modified_time\" content=\"2025-08-04T11:46:12+00:00\" \/>\n<meta property=\"og:image\" content=\"https:\/\/www.coppernic.fr\/wp-content\/uploads\/logo-header-red-baseline-1.webp\" \/>\n\t<meta property=\"og:image:width\" content=\"651\" \/>\n\t<meta property=\"og:image:height\" content=\"108\" \/>\n\t<meta property=\"og:image:type\" content=\"image\/webp\" \/>\n<meta name=\"twitter:card\" content=\"summary_large_image\" \/>\n<meta name=\"twitter:site\" content=\"@copp_official\" \/>\n<meta name=\"twitter:label1\" content=\"Est. reading time\" \/>\n\t<meta name=\"twitter:data1\" content=\"1 minute\" \/>\n<script type=\"application\/ld+json\" class=\"yoast-schema-graph\">{\"@context\":\"https:\\\/\\\/schema.org\",\"@graph\":[{\"@type\":\"WebPage\",\"@id\":\"https:\\\/\\\/www.coppernic.fr\\\/en\\\/coppernic-sav\\\/\",\"url\":\"https:\\\/\\\/www.coppernic.fr\\\/en\\\/coppernic-sav\\\/\",\"name\":\"Coppernic SAV - Coppernic\",\"isPartOf\":{\"@id\":\"https:\\\/\\\/www.coppernic.fr\\\/en\\\/#website\"},\"primaryImageOfPage\":{\"@id\":\"https:\\\/\\\/www.coppernic.fr\\\/en\\\/coppernic-sav\\\/#primaryimage\"},\"image\":{\"@id\":\"https:\\\/\\\/www.coppernic.fr\\\/en\\\/coppernic-sav\\\/#primaryimage\"},\"thumbnailUrl\":\"https:\\\/\\\/www.coppernic.fr\\\/wp-content\\\/uploads\\\/logo-header-red-baseline-1.webp\",\"datePublished\":\"2024-06-27T06:34:38+00:00\",\"dateModified\":\"2025-08-04T11:46:12+00:00\",\"breadcrumb\":{\"@id\":\"https:\\\/\\\/www.coppernic.fr\\\/en\\\/coppernic-sav\\\/#breadcrumb\"},\"inLanguage\":\"en-US\",\"potentialAction\":[{\"@type\":\"ReadAction\",\"target\":[\"https:\\\/\\\/www.coppernic.fr\\\/en\\\/coppernic-sav\\\/\"]}]},{\"@type\":\"ImageObject\",\"inLanguage\":\"en-US\",\"@id\":\"https:\\\/\\\/www.coppernic.fr\\\/en\\\/coppernic-sav\\\/#primaryimage\",\"url\":\"https:\\\/\\\/www.coppernic.fr\\\/wp-content\\\/uploads\\\/logo-header-red-baseline-1.webp\",\"contentUrl\":\"https:\\\/\\\/www.coppernic.fr\\\/wp-content\\\/uploads\\\/logo-header-red-baseline-1.webp\"},{\"@type\":\"BreadcrumbList\",\"@id\":\"https:\\\/\\\/www.coppernic.fr\\\/en\\\/coppernic-sav\\\/#breadcrumb\",\"itemListElement\":[{\"@type\":\"ListItem\",\"position\":1,\"name\":\"Accueil\",\"item\":\"https:\\\/\\\/www.coppernic.fr\\\/en\\\/home-coppernic\\\/\"},{\"@type\":\"ListItem\",\"position\":2,\"name\":\"Coppernic SAV\"}]},{\"@type\":\"WebSite\",\"@id\":\"https:\\\/\\\/www.coppernic.fr\\\/en\\\/#website\",\"url\":\"https:\\\/\\\/www.coppernic.fr\\\/en\\\/\",\"name\":\"Coppernic\",\"description\":\"Sp\u00e9cialiste Mobilit\u00e9 &amp; Data (RFID, PDA, Biom\u00e9trie, Terminaux mobiles)\",\"publisher\":{\"@id\":\"https:\\\/\\\/www.coppernic.fr\\\/en\\\/#organization\"},\"potentialAction\":[{\"@type\":\"SearchAction\",\"target\":{\"@type\":\"EntryPoint\",\"urlTemplate\":\"https:\\\/\\\/www.coppernic.fr\\\/en\\\/?s={search_term_string}\"},\"query-input\":{\"@type\":\"PropertyValueSpecification\",\"valueRequired\":true,\"valueName\":\"search_term_string\"}}],\"inLanguage\":\"en-US\"},{\"@type\":\"Organization\",\"@id\":\"https:\\\/\\\/www.coppernic.fr\\\/en\\\/#organization\",\"name\":\"Coppernic\",\"url\":\"https:\\\/\\\/www.coppernic.fr\\\/en\\\/\",\"logo\":{\"@type\":\"ImageObject\",\"inLanguage\":\"en-US\",\"@id\":\"https:\\\/\\\/www.coppernic.fr\\\/en\\\/#\\\/schema\\\/logo\\\/image\\\/\",\"url\":\"https:\\\/\\\/www.coppernic.fr\\\/wp-content\\\/uploads\\\/logo-coppernic.png\",\"contentUrl\":\"https:\\\/\\\/www.coppernic.fr\\\/wp-content\\\/uploads\\\/logo-coppernic.png\",\"width\":376,\"height\":70,\"caption\":\"Coppernic\"},\"image\":{\"@id\":\"https:\\\/\\\/www.coppernic.fr\\\/en\\\/#\\\/schema\\\/logo\\\/image\\\/\"},\"sameAs\":[\"https:\\\/\\\/x.com\\\/copp_official\",\"https:\\\/\\\/www.instagram.com\\\/coppernic\\\/\",\"https:\\\/\\\/www.linkedin.com\\\/company\\\/coppernic\\\/?originalSubdomain=fr\",\"https:\\\/\\\/www.youtube.com\\\/channel\\\/UCx0Zv93T0HSocw9gELDvjKw\"]}]}<\/script>\n<!-- \/ Yoast SEO plugin. -->","yoast_head_json":{"title":"Coppernic SAV - Coppernic","robots":{"index":"index","follow":"follow","max-snippet":"max-snippet:-1","max-image-preview":"max-image-preview:large","max-video-preview":"max-video-preview:-1"},"canonical":"https:\/\/www.coppernic.fr\/en\/coppernic-sav\/","og_locale":"en_US","og_type":"article","og_title":"Coppernic SAV - Coppernic","og_description":"AFTER SALES Have you encountered a problem? Click below to submit your request to our customer service department CUSTOMER SERVICE [&hellip;]","og_url":"https:\/\/www.coppernic.fr\/en\/coppernic-sav\/","og_site_name":"Coppernic","article_modified_time":"2025-08-04T11:46:12+00:00","og_image":[{"width":651,"height":108,"url":"https:\/\/www.coppernic.fr\/wp-content\/uploads\/logo-header-red-baseline-1.webp","type":"image\/webp"}],"twitter_card":"summary_large_image","twitter_site":"@copp_official","twitter_misc":{"Est. reading time":"1 minute"},"schema":{"@context":"https:\/\/schema.org","@graph":[{"@type":"WebPage","@id":"https:\/\/www.coppernic.fr\/en\/coppernic-sav\/","url":"https:\/\/www.coppernic.fr\/en\/coppernic-sav\/","name":"Coppernic SAV - Coppernic","isPartOf":{"@id":"https:\/\/www.coppernic.fr\/en\/#website"},"primaryImageOfPage":{"@id":"https:\/\/www.coppernic.fr\/en\/coppernic-sav\/#primaryimage"},"image":{"@id":"https:\/\/www.coppernic.fr\/en\/coppernic-sav\/#primaryimage"},"thumbnailUrl":"https:\/\/www.coppernic.fr\/wp-content\/uploads\/logo-header-red-baseline-1.webp","datePublished":"2024-06-27T06:34:38+00:00","dateModified":"2025-08-04T11:46:12+00:00","breadcrumb":{"@id":"https:\/\/www.coppernic.fr\/en\/coppernic-sav\/#breadcrumb"},"inLanguage":"en-US","potentialAction":[{"@type":"ReadAction","target":["https:\/\/www.coppernic.fr\/en\/coppernic-sav\/"]}]},{"@type":"ImageObject","inLanguage":"en-US","@id":"https:\/\/www.coppernic.fr\/en\/coppernic-sav\/#primaryimage","url":"https:\/\/www.coppernic.fr\/wp-content\/uploads\/logo-header-red-baseline-1.webp","contentUrl":"https:\/\/www.coppernic.fr\/wp-content\/uploads\/logo-header-red-baseline-1.webp"},{"@type":"BreadcrumbList","@id":"https:\/\/www.coppernic.fr\/en\/coppernic-sav\/#breadcrumb","itemListElement":[{"@type":"ListItem","position":1,"name":"Accueil","item":"https:\/\/www.coppernic.fr\/en\/home-coppernic\/"},{"@type":"ListItem","position":2,"name":"Coppernic SAV"}]},{"@type":"WebSite","@id":"https:\/\/www.coppernic.fr\/en\/#website","url":"https:\/\/www.coppernic.fr\/en\/","name":"Coppernic","description":"Sp\u00e9cialiste Mobilit\u00e9 &amp; Data (RFID, PDA, Biom\u00e9trie, Terminaux mobiles)","publisher":{"@id":"https:\/\/www.coppernic.fr\/en\/#organization"},"potentialAction":[{"@type":"SearchAction","target":{"@type":"EntryPoint","urlTemplate":"https:\/\/www.coppernic.fr\/en\/?s={search_term_string}"},"query-input":{"@type":"PropertyValueSpecification","valueRequired":true,"valueName":"search_term_string"}}],"inLanguage":"en-US"},{"@type":"Organization","@id":"https:\/\/www.coppernic.fr\/en\/#organization","name":"Coppernic","url":"https:\/\/www.coppernic.fr\/en\/","logo":{"@type":"ImageObject","inLanguage":"en-US","@id":"https:\/\/www.coppernic.fr\/en\/#\/schema\/logo\/image\/","url":"https:\/\/www.coppernic.fr\/wp-content\/uploads\/logo-coppernic.png","contentUrl":"https:\/\/www.coppernic.fr\/wp-content\/uploads\/logo-coppernic.png","width":376,"height":70,"caption":"Coppernic"},"image":{"@id":"https:\/\/www.coppernic.fr\/en\/#\/schema\/logo\/image\/"},"sameAs":["https:\/\/x.com\/copp_official","https:\/\/www.instagram.com\/coppernic\/","https:\/\/www.linkedin.com\/company\/coppernic\/?originalSubdomain=fr","https:\/\/www.youtube.com\/channel\/UCx0Zv93T0HSocw9gELDvjKw"]}]}},"_links":{"self":[{"href":"https:\/\/www.coppernic.fr\/en\/wp-json\/wp\/v2\/pages\/90973","targetHints":{"allow":["GET"]}}],"collection":[{"href":"https:\/\/www.coppernic.fr\/en\/wp-json\/wp\/v2\/pages"}],"about":[{"href":"https:\/\/www.coppernic.fr\/en\/wp-json\/wp\/v2\/types\/page"}],"author":[{"embeddable":true,"href":"https:\/\/www.coppernic.fr\/en\/wp-json\/wp\/v2\/users\/2"}],"replies":[{"embeddable":true,"href":"https:\/\/www.coppernic.fr\/en\/wp-json\/wp\/v2\/comments?post=90973"}],"version-history":[{"count":0,"href":"https:\/\/www.coppernic.fr\/en\/wp-json\/wp\/v2\/pages\/90973\/revisions"}],"wp:attachment":[{"href":"https:\/\/www.coppernic.fr\/en\/wp-json\/wp\/v2\/media?parent=90973"}],"curies":[{"name":"wp","href":"https:\/\/api.w.org\/{rel}","templated":true}]}}