{"id":8230,"date":"2019-04-04T14:30:16","date_gmt":"2019-04-04T12:30:16","guid":{"rendered":"https:\/\/www.coppernic.fr\/?page_id=8230"},"modified":"2023-10-06T12:04:27","modified_gmt":"2023-10-06T10:04:27","slug":"coppernic-legal-notice-en","status":"publish","type":"page","link":"https:\/\/www.coppernic.fr\/en\/coppernic-legal-notice-en\/","title":{"rendered":"Coppernic Legal Notice"},"content":{"rendered":"\t\t<div data-elementor-type=\"wp-page\" data-elementor-id=\"8230\" class=\"elementor elementor-8230 elementor-8228\" data-elementor-post-type=\"page\">\n\t\t\t\t\t\t<section class=\"elementor-section elementor-top-section elementor-element elementor-element-cbb2f59 elementor-section-height-min-height elementor-section-boxed elementor-section-height-default elementor-section-items-middle\" data-id=\"cbb2f59\" data-element_type=\"section\" data-e-type=\"section\" data-settings=\"{&quot;background_background&quot;:&quot;classic&quot;}\">\n\t\t\t\t\t\t<div class=\"elementor-container elementor-column-gap-default\">\n\t\t\t\t\t<div class=\"elementor-column elementor-col-100 elementor-top-column elementor-element elementor-element-b6c04bb\" data-id=\"b6c04bb\" data-element_type=\"column\" data-e-type=\"column\">\n\t\t\t<div class=\"elementor-widget-wrap elementor-element-populated\">\n\t\t\t\t\t\t<div class=\"elementor-element elementor-element-5a75544 elementor-widget elementor-widget-image\" data-id=\"5a75544\" data-element_type=\"widget\" data-e-type=\"widget\" data-widget_type=\"image.default\">\n\t\t\t\t<div class=\"elementor-widget-container\">\n\t\t\t\t\t\t\t\t\t\t\t\t\t\t\t<img fetchpriority=\"high\" decoding=\"async\" width=\"651\" height=\"82\" src=\"https:\/\/www.coppernic.fr\/wp-content\/uploads\/logo-header-footer-1.png\" class=\"attachment-large size-large wp-image-77375\" alt=\"\" srcset=\"https:\/\/www.coppernic.fr\/wp-content\/uploads\/logo-header-footer-1.png 651w, https:\/\/www.coppernic.fr\/wp-content\/uploads\/logo-header-footer-1-300x38.png 300w\" sizes=\"(max-width: 651px) 100vw, 651px\" \/>\t\t\t\t\t\t\t\t\t\t\t\t\t\t\t<\/div>\n\t\t\t\t<\/div>\n\t\t\t\t<div class=\"elementor-element elementor-element-18fb67e elementor-widget elementor-widget-heading\" data-id=\"18fb67e\" data-element_type=\"widget\" data-e-type=\"widget\" data-widget_type=\"heading.default\">\n\t\t\t\t<div class=\"elementor-widget-container\">\n\t\t\t\t\t<h1 class=\"elementor-heading-title elementor-size-default\">Legal information<\/h1>\t\t\t\t<\/div>\n\t\t\t\t<\/div>\n\t\t\t\t<div class=\"elementor-element elementor-element-eae21d5 elementor-widget-divider--view-line elementor-widget elementor-widget-divider\" data-id=\"eae21d5\" data-element_type=\"widget\" data-e-type=\"widget\" data-widget_type=\"divider.default\">\n\t\t\t\t<div class=\"elementor-widget-container\">\n\t\t\t\t\t\t\t<div class=\"elementor-divider\">\n\t\t\t<span class=\"elementor-divider-separator\">\n\t\t\t\t\t\t<\/span>\n\t\t<\/div>\n\t\t\t\t\t\t<\/div>\n\t\t\t\t<\/div>\n\t\t\t\t\t<\/div>\n\t\t<\/div>\n\t\t\t\t\t<\/div>\n\t\t<\/section>\n\t\t\t\t<section class=\"elementor-section elementor-top-section elementor-element elementor-element-a9b5a20 elementor-section-boxed elementor-section-height-default elementor-section-height-default\" data-id=\"a9b5a20\" data-element_type=\"section\" data-e-type=\"section\">\n\t\t\t\t\t\t<div class=\"elementor-container elementor-column-gap-default\">\n\t\t\t\t\t<div class=\"elementor-column elementor-col-100 elementor-top-column elementor-element elementor-element-e16d835\" data-id=\"e16d835\" data-element_type=\"column\" data-e-type=\"column\">\n\t\t\t<div class=\"elementor-widget-wrap elementor-element-populated\">\n\t\t\t\t\t\t<div class=\"elementor-element elementor-element-01fdcc9 elementor-widget elementor-widget-html\" data-id=\"01fdcc9\" data-element_type=\"widget\" data-e-type=\"widget\" data-widget_type=\"html.default\">\n\t\t\t\t<div class=\"elementor-widget-container\">\n\t\t\t\t\t<div class=\"legal-mentions\">\n\t<h3>1. Presentation of the site.<\/h3>\n\t\t<p>Under Article 6 of Law No. 2004-575 of 21 June 2004 about confidence in the digital economy, it is clear to users of the site <a href=\"https:\/\/www.coppernic.fr\/\" title=\"COPPERNIC -\n\t\twww.coppernic.fr\">www.coppernic.fr<\/a> the identity of the various stakeholders in the context of its realization and its follow-up: <\/p>\n\t\t<p><strong>Owner<\/strong> : COPPERNIC SAS with a capital of 100,000 euros - 20 avenue Georges Claude - ZI Les Milles - 13290 Aix-en-Provence - France <br>\n\t\t<strong>Creator<\/strong>  : ATELIER DE SIGNES \u2013 contact@atelierdesignes.fr<br>\n\t\t<strong>Publication Manager<\/strong> : LECUIVRE Fanny &shy;- fanny.lecuivre@coppernic.fr \u2013 The publication manager is a natural person or a legal person.<br>\n\t\t<strong>Webmaster<\/strong> : DE LAVENNE Fr\u00e9d\u00e9ric -&shy; freddela@free.fr<br>\n\t\t<strong>Host<\/strong> : OVH &shy;- 2 rue Kellermann \u2013 59100 Roubaix \u2013 France<br>\n\t<h3>2. General conditions of use of the site and the proposed services.<\/h3>\n\t\t<p>The use of the site  <a href=\"https:\/\/www.coppernic.fr\/\" title=\"COPPERNIC - www.coppernic.fr\">www.coppernic.fr<\/a> involves full acceptance of the terms of service described below. These terms of service may be modified or supplemented at any time, users of the site <a href=\"https:\/\/www.coppernic.fr\/\" title=\"COPPERNIC - www.coppernic.fr\">www.coppernic.fr<\/a> are therefore invited to consult them regularly.<\/p>\n\t\t<p>This site is normally accessible to users at any time. An interruption due to technical maintenance may however be decided by COPPERNIC, who will then endeavor to communicate to users before the dates and times of the intervention.<\/p>\n\t\t<p>The website <a href=\"https:\/\/www.coppernic.fr\/\" title=\"COPPERNIC - www.coppernic.fr\">www.coppernic.fr<\/a> is updated regularly by LECUIVRE Fanny. In the same way, the legal notices can be modified at any time: they are nevertheless imposed on the user who is invited to refer to them as often as possible in order to become acquainted with them.<\/p>\n\t<h3>3. Description of the services provided. <\/h3>\n\t\t<p>The purpose of the website  <a href=\"https:\/\/www.coppernic.fr\/\" title=\"COPPERNIC - www.coppernic.fr\">www.coppernic.fr<\/a> is to provide information on all the activities of the company.<\/p>\n\t\t<p>COPPERNIC strives to provide the <a href=\"https:\/\/www.coppernic.fr\/\" title=\"COPPERNIC - www.coppernic.fr\">www.coppernic.fr<\/a>website with as accurate information as possible. However, it can not be held responsible for omissions, inaccuracies and deficiencies in the update, whether by him or by the third party partners who provide this information.<\/p>\n\t\t<p>All the information indicated on the website <a href=\"https:\/\/www.coppernic.fr\/\" title=\"COPPERNIC - www.coppernic.fr\">www.coppernic.fr<\/a> are given as an indication, and are likely to evolve. Furthermore, the information on the <a href=\"https:\/\/www.coppernic.fr\/\" title=\"COPPERNIC - www.coppernic.fr\">www.coppernic.fr<\/a> site is not exhaustive. They are given subject to modifications having been made since they went on line.<\/p>\n\t<h3>4. Contractual limitations on the technical data.<\/h3>\n\t\t<p>The site uses JavaScript technology.<\/p>\n\t\t<p>The website can not be held responsible for material damage related to the use of the site. In addition, the user of the site agrees to access the site using recent equipment, not containing any viruses and with a browser of last generation up-to-date.<\/p>\n\t<h3>5. Intellectual property and counterfeits.<\/h3>\n\t\t<p>COPPERNIC owns the intellectual property rights or has the rights to use all the elements available on the site, including text, images, graphics, logos, icons, sounds, software.<\/p>\n\t\t<p>Any reproduction, representation, modification, publication, adaptation of all or part of the elements of the site, whatever the means or the process used, is prohibited without the prior written consent of: COPPERNIC.<\/p>\n\t\t<p>Any unauthorized use of the site or any element it contains, will be considered as constituting of an infringement and prosecuted in accordance with the provisions of Articles L.335-2 and following of the Intellectual Property Code.<\/p>\n\t<h3>6. Limitations of liability. <\/h3>\n\t\t<p>COPPERNIC cannot be held liable for any direct or indirect damage to the user's equipment when accessing the www.coppernic.fr site and resulting from the use of equipment that does not meet the specifications indicated in point 4, or from the appearance of a bug or an incompatibility.<\/p>\n\t\t<p>COPPERNIC cannot be held liable for consequential damages resulting from the use of the <a href=\"https:\/\/www.coppernic.fr\/\" title=\"COPPERNIC - www.coppernic.fr\">www.coppernic.fr<\/a> website.<\/p>\n\t\t<p>Interactive spaces are available to users. COPPERNIC reserves the right to delete, without formal notice, any content posted in this space that would violate the applicable law in France, in particular the provisions on data protection. If necessary, COPPERNIC also reserves the right to question the user's civil and \/ or penal liability, particularly in the event of a racist, abusive, defamatory or pornographic message, whatever the medium used (texts, photographs).<\/p>\n\t<h3>7. Management of personal data.<\/h3>\n\t\t<p>In France, personal data is protected in particular by the law n \u00b0 78-87 of January 6th, 1978, the law n \u00b0 2004-801 of August 6th, 2004, the article L. 226-13 of the Penal Code and the EU General Data Protection Regulation.<\/p>\n\t\t<p>On the occasion of the use of the site <a href=\"https:\/\/www.coppernic.fr\/\" title=\"COPPERNIC - www.coppernic.fr\">www.coppernic.fr<\/a>, can be collected: the URL of the links through which the user has accessed the site <a href=\"https:\/\/www.coppernic.fr\/\" title=\"COPPERNIC - www.coppernic.fr\">www.coppernic.fr<\/a>, lethe service provider of the user, the Internet Protocol (IP) address of the user.<\/p>\n\t\t<p> In any case, COPPERNIC only collects personal information about the user for the needs of certain services offered by <a href=\"https:\/\/www.coppernic.fr\/\" title=\"COPPERNIC - www.coppernic.fr\">www.coppernic.fr<\/a>. The user provides this information with full knowledge of the facts, in particular when he proceeds to input them himself. It is then clear to the site user  <a href=\"https:\/\/www.coppernic.fr\/\" title=\"COPPERNIC - www.coppernic.fr\">www.coppernic.fr<\/a> the obligation or not to provide this information<\/p>\n\t\t<p>In accordance with the provisions of articles 38 and following of the law 78-17 of January 6th, 1978 relating to the computer science, the files and the liberties and of the EU GDPR, any user has a right of access, rectification and opposition to the personal data concerning him, by making his written request and signed, accompanied by a copy of the identity document with signature of the exhibitor, specifying the address to which the response must be sent. .<\/p>\n\t\t<p>No personal data of the user of the website <a href=\"https:\/\/www.coppernic.fr\/\" title=\"COPPERNIC - www.coppernic.fr\">www.coppernic.fr<\/a> is published without the knowledge of the user, exchanged, transferred, assigned or sold on any support to third parties. Only the assumption of redemption COPPERNIC and its rights would allow the transmission of such information to the prospective purchaser who would in turn be given the same obligation to store and modify data with respect to the user of the site <a href=\"https:\/\/www.coppernic.fr\/\" title=\"COPPERNIC - www.coppernic.fr\">www.coppernic.fr<\/a>.<\/p>\n\t\t<p>The site is declared to CNIL under No. 1826237.<\/p>\n\t\t<p>The databases are protected by the provisions of the Act of 1 July 1998 transposing Directive 96\/9 of 11 March 1996 on the legal protection of databases. You can consult our privacy policy and see how we manage data <a href=\"https:\/\/www.coppernic.fr\/en\/cookie-policy-en\/\">there<\/a>.<\/p>\n\t<h3>8. Hypertext links and cookies. <\/h3>\n\t\t<p>The website  <a href=\"https:\/\/www.coppernic.fr\/\" title=\"COPPERNIC - www.coppernic.fr\">www.coppernic.fr<\/a> contains a number of hypertext links to other sites, set up with the authorization of COPPERNIC. However, COPPERNIC does not have the possibility to verify the contents of the sites thus visited, and consequently will not assume any responsibility for this fact.<\/p>\n\t\t<p>The navigation on the site  <a href=\"https:\/\/www.coppernic.fr\/\" title=\"COPPERNIC - www.coppernic.fr\">www.coppernic.fr<\/a> is susceptible to cause the installation of cookie (s) on the computer of the user. A cookie is a small file that does not allow user identification, but records information about a computer's navigation on a site. The data thus obtained are intended to facilitate subsequent navigation on the site, and are also intended to allow various measures of attendance.<\/p>\n\t\t<p>You can consult our Cookie management policy and <a href=\"https:\/\/www.coppernic.fr\/en\/cookie-policy-en\/\">there.<\/a><\/p>\n\t\n\t<h3>9. Applicable law and jurisdiction.<\/h3>\n\t\t<p>Any dispute in connection with the use of the site <a href=\"https:\/\/www.coppernic.fr\/\" title=\"COPPERNIC - www.coppernic.fr\">www.coppernic.fr<\/a> is subject to French law. It is made exclusive jurisdiction to the competent courts of Paris.<\/p>\n\t<h3>10. The main laws concerned.<\/h3>\n\t\t<p>Law n \u00b0 78-87 of January 6th, 1978, notably modified by the law n \u00b0 2004-801 of August 6th, 2004 relating to data processing, files and freedoms.<\/p>\n\t\t<p>Law No. 2004-575 of 21 June 2004 on confidence in the digital economy. <\/p>\n\t  <p>The EU General Data Protection Regulation.<\/p>\n\t<h3>11. Lexicon<\/h3>\n\t\t<p>User: Internet user connecting, using the aforementioned site.<\/p>\n\t\t<p>Personal information: \"information that allows, in any form whatsoever, directly or indirectly, the identification of individuals to which they apply\" (Article 4 of Law No. 78-17 of 6 January 1978).<\/p>\n<\/div>\t\t\t\t<\/div>\n\t\t\t\t<\/div>\n\t\t\t\t\t<\/div>\n\t\t<\/div>\n\t\t\t\t\t<\/div>\n\t\t<\/section>\n\t\t\t\t<\/div>\n\t\t","protected":false},"excerpt":{"rendered":"<p>Legal information 1. Presentation of the site. Under Article 6 of Law No. 2004-575 of 21 June 2004 about confidence [&hellip;]<\/p>\n","protected":false},"author":2,"featured_media":0,"parent":0,"menu_order":82,"comment_status":"closed","ping_status":"closed","template":"elementor_theme","meta":{"rs_blank_template":"","rs_page_bg_color":"","slide_template_v7":"","footnotes":""},"class_list":["post-8230","page","type-page","status-publish","hentry"],"yoast_head":"<!-- This site is optimized with the Yoast SEO plugin v27.4 - https:\/\/yoast.com\/product\/yoast-seo-wordpress\/ -->\n<title>Coppernic Legal Notice - Coppernic<\/title>\n<meta name=\"robots\" content=\"index, follow, max-snippet:-1, max-image-preview:large, max-video-preview:-1\" \/>\n<link rel=\"canonical\" href=\"https:\/\/www.coppernic.fr\/en\/coppernic-legal-notice-en\/\" \/>\n<meta property=\"og:locale\" content=\"en_US\" \/>\n<meta property=\"og:type\" content=\"article\" \/>\n<meta property=\"og:title\" content=\"Coppernic Legal Notice - Coppernic\" \/>\n<meta property=\"og:description\" content=\"Legal information 1. Presentation of the site. Under Article 6 of Law No. 2004-575 of 21 June 2004 about confidence [&hellip;]\" \/>\n<meta property=\"og:url\" content=\"https:\/\/www.coppernic.fr\/en\/coppernic-legal-notice-en\/\" \/>\n<meta property=\"og:site_name\" content=\"Coppernic\" \/>\n<meta property=\"article:modified_time\" content=\"2023-10-06T10:04:27+00:00\" \/>\n<meta property=\"og:image\" content=\"https:\/\/www.coppernic.fr\/wp-content\/uploads\/logo-header-footer-1.png\" \/>\n<meta name=\"twitter:card\" content=\"summary_large_image\" \/>\n<meta name=\"twitter:site\" content=\"@copp_official\" \/>\n<meta name=\"twitter:label1\" content=\"Est. reading time\" \/>\n\t<meta name=\"twitter:data1\" content=\"6 minutes\" \/>\n<script type=\"application\/ld+json\" class=\"yoast-schema-graph\">{\"@context\":\"https:\\\/\\\/schema.org\",\"@graph\":[{\"@type\":\"WebPage\",\"@id\":\"https:\\\/\\\/www.coppernic.fr\\\/en\\\/coppernic-legal-notice-en\\\/\",\"url\":\"https:\\\/\\\/www.coppernic.fr\\\/en\\\/coppernic-legal-notice-en\\\/\",\"name\":\"Coppernic Legal Notice - Coppernic\",\"isPartOf\":{\"@id\":\"https:\\\/\\\/www.coppernic.fr\\\/en\\\/#website\"},\"primaryImageOfPage\":{\"@id\":\"https:\\\/\\\/www.coppernic.fr\\\/en\\\/coppernic-legal-notice-en\\\/#primaryimage\"},\"image\":{\"@id\":\"https:\\\/\\\/www.coppernic.fr\\\/en\\\/coppernic-legal-notice-en\\\/#primaryimage\"},\"thumbnailUrl\":\"https:\\\/\\\/www.coppernic.fr\\\/wp-content\\\/uploads\\\/logo-header-footer-1.png\",\"datePublished\":\"2019-04-04T12:30:16+00:00\",\"dateModified\":\"2023-10-06T10:04:27+00:00\",\"breadcrumb\":{\"@id\":\"https:\\\/\\\/www.coppernic.fr\\\/en\\\/coppernic-legal-notice-en\\\/#breadcrumb\"},\"inLanguage\":\"en-US\",\"potentialAction\":[{\"@type\":\"ReadAction\",\"target\":[\"https:\\\/\\\/www.coppernic.fr\\\/en\\\/coppernic-legal-notice-en\\\/\"]}]},{\"@type\":\"ImageObject\",\"inLanguage\":\"en-US\",\"@id\":\"https:\\\/\\\/www.coppernic.fr\\\/en\\\/coppernic-legal-notice-en\\\/#primaryimage\",\"url\":\"https:\\\/\\\/www.coppernic.fr\\\/wp-content\\\/uploads\\\/logo-header-footer-1.png\",\"contentUrl\":\"https:\\\/\\\/www.coppernic.fr\\\/wp-content\\\/uploads\\\/logo-header-footer-1.png\"},{\"@type\":\"BreadcrumbList\",\"@id\":\"https:\\\/\\\/www.coppernic.fr\\\/en\\\/coppernic-legal-notice-en\\\/#breadcrumb\",\"itemListElement\":[{\"@type\":\"ListItem\",\"position\":1,\"name\":\"Accueil\",\"item\":\"https:\\\/\\\/www.coppernic.fr\\\/en\\\/home-coppernic\\\/\"},{\"@type\":\"ListItem\",\"position\":2,\"name\":\"Coppernic Legal Notice\"}]},{\"@type\":\"WebSite\",\"@id\":\"https:\\\/\\\/www.coppernic.fr\\\/en\\\/#website\",\"url\":\"https:\\\/\\\/www.coppernic.fr\\\/en\\\/\",\"name\":\"Coppernic\",\"description\":\"Sp\u00e9cialiste Mobilit\u00e9 &amp; Data (RFID, PDA, Biom\u00e9trie, Terminaux mobiles)\",\"publisher\":{\"@id\":\"https:\\\/\\\/www.coppernic.fr\\\/en\\\/#organization\"},\"potentialAction\":[{\"@type\":\"SearchAction\",\"target\":{\"@type\":\"EntryPoint\",\"urlTemplate\":\"https:\\\/\\\/www.coppernic.fr\\\/en\\\/?s={search_term_string}\"},\"query-input\":{\"@type\":\"PropertyValueSpecification\",\"valueRequired\":true,\"valueName\":\"search_term_string\"}}],\"inLanguage\":\"en-US\"},{\"@type\":\"Organization\",\"@id\":\"https:\\\/\\\/www.coppernic.fr\\\/en\\\/#organization\",\"name\":\"Coppernic\",\"url\":\"https:\\\/\\\/www.coppernic.fr\\\/en\\\/\",\"logo\":{\"@type\":\"ImageObject\",\"inLanguage\":\"en-US\",\"@id\":\"https:\\\/\\\/www.coppernic.fr\\\/en\\\/#\\\/schema\\\/logo\\\/image\\\/\",\"url\":\"https:\\\/\\\/www.coppernic.fr\\\/wp-content\\\/uploads\\\/logo-coppernic.png\",\"contentUrl\":\"https:\\\/\\\/www.coppernic.fr\\\/wp-content\\\/uploads\\\/logo-coppernic.png\",\"width\":376,\"height\":70,\"caption\":\"Coppernic\"},\"image\":{\"@id\":\"https:\\\/\\\/www.coppernic.fr\\\/en\\\/#\\\/schema\\\/logo\\\/image\\\/\"},\"sameAs\":[\"https:\\\/\\\/x.com\\\/copp_official\",\"https:\\\/\\\/www.instagram.com\\\/coppernic\\\/\",\"https:\\\/\\\/www.linkedin.com\\\/company\\\/coppernic\\\/?originalSubdomain=fr\",\"https:\\\/\\\/www.youtube.com\\\/channel\\\/UCx0Zv93T0HSocw9gELDvjKw\"]}]}<\/script>\n<!-- \/ Yoast SEO plugin. -->","yoast_head_json":{"title":"Coppernic Legal Notice - Coppernic","robots":{"index":"index","follow":"follow","max-snippet":"max-snippet:-1","max-image-preview":"max-image-preview:large","max-video-preview":"max-video-preview:-1"},"canonical":"https:\/\/www.coppernic.fr\/en\/coppernic-legal-notice-en\/","og_locale":"en_US","og_type":"article","og_title":"Coppernic Legal Notice - Coppernic","og_description":"Legal information 1. Presentation of the site. Under Article 6 of Law No. 2004-575 of 21 June 2004 about confidence [&hellip;]","og_url":"https:\/\/www.coppernic.fr\/en\/coppernic-legal-notice-en\/","og_site_name":"Coppernic","article_modified_time":"2023-10-06T10:04:27+00:00","og_image":[{"url":"https:\/\/www.coppernic.fr\/wp-content\/uploads\/logo-header-footer-1.png","type":"","width":"","height":""}],"twitter_card":"summary_large_image","twitter_site":"@copp_official","twitter_misc":{"Est. reading time":"6 minutes"},"schema":{"@context":"https:\/\/schema.org","@graph":[{"@type":"WebPage","@id":"https:\/\/www.coppernic.fr\/en\/coppernic-legal-notice-en\/","url":"https:\/\/www.coppernic.fr\/en\/coppernic-legal-notice-en\/","name":"Coppernic Legal Notice - Coppernic","isPartOf":{"@id":"https:\/\/www.coppernic.fr\/en\/#website"},"primaryImageOfPage":{"@id":"https:\/\/www.coppernic.fr\/en\/coppernic-legal-notice-en\/#primaryimage"},"image":{"@id":"https:\/\/www.coppernic.fr\/en\/coppernic-legal-notice-en\/#primaryimage"},"thumbnailUrl":"https:\/\/www.coppernic.fr\/wp-content\/uploads\/logo-header-footer-1.png","datePublished":"2019-04-04T12:30:16+00:00","dateModified":"2023-10-06T10:04:27+00:00","breadcrumb":{"@id":"https:\/\/www.coppernic.fr\/en\/coppernic-legal-notice-en\/#breadcrumb"},"inLanguage":"en-US","potentialAction":[{"@type":"ReadAction","target":["https:\/\/www.coppernic.fr\/en\/coppernic-legal-notice-en\/"]}]},{"@type":"ImageObject","inLanguage":"en-US","@id":"https:\/\/www.coppernic.fr\/en\/coppernic-legal-notice-en\/#primaryimage","url":"https:\/\/www.coppernic.fr\/wp-content\/uploads\/logo-header-footer-1.png","contentUrl":"https:\/\/www.coppernic.fr\/wp-content\/uploads\/logo-header-footer-1.png"},{"@type":"BreadcrumbList","@id":"https:\/\/www.coppernic.fr\/en\/coppernic-legal-notice-en\/#breadcrumb","itemListElement":[{"@type":"ListItem","position":1,"name":"Accueil","item":"https:\/\/www.coppernic.fr\/en\/home-coppernic\/"},{"@type":"ListItem","position":2,"name":"Coppernic Legal Notice"}]},{"@type":"WebSite","@id":"https:\/\/www.coppernic.fr\/en\/#website","url":"https:\/\/www.coppernic.fr\/en\/","name":"Coppernic","description":"Sp\u00e9cialiste Mobilit\u00e9 &amp; Data (RFID, PDA, Biom\u00e9trie, Terminaux mobiles)","publisher":{"@id":"https:\/\/www.coppernic.fr\/en\/#organization"},"potentialAction":[{"@type":"SearchAction","target":{"@type":"EntryPoint","urlTemplate":"https:\/\/www.coppernic.fr\/en\/?s={search_term_string}"},"query-input":{"@type":"PropertyValueSpecification","valueRequired":true,"valueName":"search_term_string"}}],"inLanguage":"en-US"},{"@type":"Organization","@id":"https:\/\/www.coppernic.fr\/en\/#organization","name":"Coppernic","url":"https:\/\/www.coppernic.fr\/en\/","logo":{"@type":"ImageObject","inLanguage":"en-US","@id":"https:\/\/www.coppernic.fr\/en\/#\/schema\/logo\/image\/","url":"https:\/\/www.coppernic.fr\/wp-content\/uploads\/logo-coppernic.png","contentUrl":"https:\/\/www.coppernic.fr\/wp-content\/uploads\/logo-coppernic.png","width":376,"height":70,"caption":"Coppernic"},"image":{"@id":"https:\/\/www.coppernic.fr\/en\/#\/schema\/logo\/image\/"},"sameAs":["https:\/\/x.com\/copp_official","https:\/\/www.instagram.com\/coppernic\/","https:\/\/www.linkedin.com\/company\/coppernic\/?originalSubdomain=fr","https:\/\/www.youtube.com\/channel\/UCx0Zv93T0HSocw9gELDvjKw"]}]}},"_links":{"self":[{"href":"https:\/\/www.coppernic.fr\/en\/wp-json\/wp\/v2\/pages\/8230","targetHints":{"allow":["GET"]}}],"collection":[{"href":"https:\/\/www.coppernic.fr\/en\/wp-json\/wp\/v2\/pages"}],"about":[{"href":"https:\/\/www.coppernic.fr\/en\/wp-json\/wp\/v2\/types\/page"}],"author":[{"embeddable":true,"href":"https:\/\/www.coppernic.fr\/en\/wp-json\/wp\/v2\/users\/2"}],"replies":[{"embeddable":true,"href":"https:\/\/www.coppernic.fr\/en\/wp-json\/wp\/v2\/comments?post=8230"}],"version-history":[{"count":0,"href":"https:\/\/www.coppernic.fr\/en\/wp-json\/wp\/v2\/pages\/8230\/revisions"}],"wp:attachment":[{"href":"https:\/\/www.coppernic.fr\/en\/wp-json\/wp\/v2\/media?parent=8230"}],"curies":[{"name":"wp","href":"https:\/\/api.w.org\/{rel}","templated":true}]}}