{"id":8006,"date":"2019-03-27T17:34:30","date_gmt":"2019-03-27T16:34:30","guid":{"rendered":"https:\/\/www.coppernic.fr\/?page_id=8006"},"modified":"2024-07-10T09:43:44","modified_gmt":"2024-07-10T07:43:44","slug":"prehome-careers-en","status":"publish","type":"page","link":"https:\/\/www.coppernic.fr\/en\/prehome-careers-en\/","title":{"rendered":"Prehome Careers"},"content":{"rendered":"\t\t<div data-elementor-type=\"wp-page\" data-elementor-id=\"8006\" class=\"elementor elementor-8006 elementor-7983\" data-elementor-post-type=\"page\">\n\t\t\t\t<div class=\"elementor-element elementor-element-19132b9 e-flex e-con-boxed e-con e-parent\" data-id=\"19132b9\" data-element_type=\"container\" data-e-type=\"container\" data-settings=\"{&quot;background_background&quot;:&quot;classic&quot;}\">\n\t\t\t\t\t<div class=\"e-con-inner\">\n\t\t\t\t<div class=\"elementor-element elementor-element-434b06c elementor-widget elementor-widget-image\" data-id=\"434b06c\" data-element_type=\"widget\" data-e-type=\"widget\" data-widget_type=\"image.default\">\n\t\t\t\t<div class=\"elementor-widget-container\">\n\t\t\t\t\t\t\t\t\t\t\t\t\t\t\t<img fetchpriority=\"high\" decoding=\"async\" width=\"651\" height=\"108\" src=\"https:\/\/www.coppernic.fr\/wp-content\/uploads\/logo-header-red-baseline-1.webp\" class=\"attachment-full size-full wp-image-91736\" alt=\"\" srcset=\"https:\/\/www.coppernic.fr\/wp-content\/uploads\/logo-header-red-baseline-1.webp 651w, https:\/\/www.coppernic.fr\/wp-content\/uploads\/logo-header-red-baseline-1-300x50.webp 300w\" sizes=\"(max-width: 651px) 100vw, 651px\" \/>\t\t\t\t\t\t\t\t\t\t\t\t\t\t\t<\/div>\n\t\t\t\t<\/div>\n\t\t\t\t<div class=\"elementor-element elementor-element-0c2b9aa stroke-it elementor-widget elementor-widget-heading\" data-id=\"0c2b9aa\" data-element_type=\"widget\" data-e-type=\"widget\" data-widget_type=\"heading.default\">\n\t\t\t\t<div class=\"elementor-widget-container\">\n\t\t\t\t\t<h1 class=\"elementor-heading-title elementor-size-default\">CAREERS<\/h1>\t\t\t\t<\/div>\n\t\t\t\t<\/div>\n\t\t\t\t\t<\/div>\n\t\t\t\t<\/div>\n\t\t<div class=\"elementor-element elementor-element-24d2a5d e-flex e-con-boxed e-con e-parent\" data-id=\"24d2a5d\" data-element_type=\"container\" data-e-type=\"container\">\n\t\t\t\t\t<div class=\"e-con-inner\">\n\t\t\t\t<div class=\"elementor-element elementor-element-dd43dbb elementor-view-default elementor-widget elementor-widget-icon\" data-id=\"dd43dbb\" data-element_type=\"widget\" data-e-type=\"widget\" data-widget_type=\"icon.default\">\n\t\t\t\t<div class=\"elementor-widget-container\">\n\t\t\t\t\t\t\t<div class=\"elementor-icon-wrapper\">\n\t\t\t<div class=\"elementor-icon\">\n\t\t\t<svg aria-hidden=\"true\" class=\"e-font-icon-svg e-fas-building\" viewBox=\"0 0 448 512\" xmlns=\"http:\/\/www.w3.org\/2000\/svg\"><path d=\"M436 480h-20V24c0-13.255-10.745-24-24-24H56C42.745 0 32 10.745 32 24v456H12c-6.627 0-12 5.373-12 12v20h448v-20c0-6.627-5.373-12-12-12zM128 76c0-6.627 5.373-12 12-12h40c6.627 0 12 5.373 12 12v40c0 6.627-5.373 12-12 12h-40c-6.627 0-12-5.373-12-12V76zm0 96c0-6.627 5.373-12 12-12h40c6.627 0 12 5.373 12 12v40c0 6.627-5.373 12-12 12h-40c-6.627 0-12-5.373-12-12v-40zm52 148h-40c-6.627 0-12-5.373-12-12v-40c0-6.627 5.373-12 12-12h40c6.627 0 12 5.373 12 12v40c0 6.627-5.373 12-12 12zm76 160h-64v-84c0-6.627 5.373-12 12-12h40c6.627 0 12 5.373 12 12v84zm64-172c0 6.627-5.373 12-12 12h-40c-6.627 0-12-5.373-12-12v-40c0-6.627 5.373-12 12-12h40c6.627 0 12 5.373 12 12v40zm0-96c0 6.627-5.373 12-12 12h-40c-6.627 0-12-5.373-12-12v-40c0-6.627 5.373-12 12-12h40c6.627 0 12 5.373 12 12v40zm0-96c0 6.627-5.373 12-12 12h-40c-6.627 0-12-5.373-12-12V76c0-6.627 5.373-12 12-12h40c6.627 0 12 5.373 12 12v40z\"><\/path><\/svg>\t\t\t<\/div>\n\t\t<\/div>\n\t\t\t\t\t\t<\/div>\n\t\t\t\t<\/div>\n\t\t\t\t<div class=\"elementor-element elementor-element-49c9e76 elementor-widget elementor-widget-heading\" data-id=\"49c9e76\" data-element_type=\"widget\" data-e-type=\"widget\" data-widget_type=\"heading.default\">\n\t\t\t\t<div class=\"elementor-widget-container\">\n\t\t\t\t\t<h1 class=\"elementor-heading-title elementor-size-xxl\">Our job offers<\/h1>\t\t\t\t<\/div>\n\t\t\t\t<\/div>\n\t\t\t\t<div class=\"elementor-element elementor-element-1b09491 elementor-widget elementor-widget-text-editor\" data-id=\"1b09491\" data-element_type=\"widget\" data-e-type=\"widget\" data-widget_type=\"text-editor.default\">\n\t\t\t\t<div class=\"elementor-widget-container\">\n\t\t\t\t\t\t\t\t\t<p>Join a dynamic team in an innovative sector!<br \/>Coppernic is growing in a constantly evolving sector of activity and is constantly looking for new talent to support its projects.<\/p>\t\t\t\t\t\t\t\t<\/div>\n\t\t\t\t<\/div>\n\t\t\t\t\t<\/div>\n\t\t\t\t<\/div>\n\t\t<div class=\"elementor-element elementor-element-5c1daf2 e-flex e-con-boxed e-con e-parent\" data-id=\"5c1daf2\" data-element_type=\"container\" data-e-type=\"container\">\n\t\t\t\t\t<div class=\"e-con-inner\">\n\t\t<div class=\"elementor-element elementor-element-8fbb0ee e-con-full e-flex e-con e-child\" data-id=\"8fbb0ee\" data-element_type=\"container\" data-e-type=\"container\">\n\t\t\t\t<div class=\"elementor-element elementor-element-b89dd8d elementor-widget elementor-widget-text-editor\" data-id=\"b89dd8d\" data-element_type=\"widget\" data-e-type=\"widget\" data-widget_type=\"text-editor.default\">\n\t\t\t\t<div class=\"elementor-widget-container\">\n\t\t\t\t\t\t\t\t\t<p>Submit your application<\/p>\t\t\t\t\t\t\t\t<\/div>\n\t\t\t\t<\/div>\n\t\t<div class=\"elementor-element elementor-element-49f35ef e-flex e-con-boxed e-con e-child\" data-id=\"49f35ef\" data-element_type=\"container\" data-e-type=\"container\">\n\t\t\t\t\t<div class=\"e-con-inner\">\n\t\t\t\t<div class=\"elementor-element elementor-element-49b1b57 elementor-align-center elementor-button-info elementor-widget elementor-widget-button\" data-id=\"49b1b57\" data-element_type=\"widget\" data-e-type=\"widget\" data-widget_type=\"button.default\">\n\t\t\t\t<div class=\"elementor-widget-container\">\n\t\t\t\t\t\t\t\t\t<div class=\"elementor-button-wrapper\">\n\t\t\t\t\t<a class=\"elementor-button elementor-button-link elementor-size-md elementor-animation-grow\" href=\"https:\/\/www.coppernic.fr\/en\/prehome-careers-en\/candidature-spontanee\/\">\n\t\t\t\t\t\t<span class=\"elementor-button-content-wrapper\">\n\t\t\t\t\t\t<span class=\"elementor-button-icon\">\n\t\t\t\t<svg aria-hidden=\"true\" class=\"e-font-icon-svg e-far-list-alt\" viewBox=\"0 0 512 512\" xmlns=\"http:\/\/www.w3.org\/2000\/svg\"><path d=\"M464 32H48C21.49 32 0 53.49 0 80v352c0 26.51 21.49 48 48 48h416c26.51 0 48-21.49 48-48V80c0-26.51-21.49-48-48-48zm-6 400H54a6 6 0 0 1-6-6V86a6 6 0 0 1 6-6h404a6 6 0 0 1 6 6v340a6 6 0 0 1-6 6zm-42-92v24c0 6.627-5.373 12-12 12H204c-6.627 0-12-5.373-12-12v-24c0-6.627 5.373-12 12-12h200c6.627 0 12 5.373 12 12zm0-96v24c0 6.627-5.373 12-12 12H204c-6.627 0-12-5.373-12-12v-24c0-6.627 5.373-12 12-12h200c6.627 0 12 5.373 12 12zm0-96v24c0 6.627-5.373 12-12 12H204c-6.627 0-12-5.373-12-12v-24c0-6.627 5.373-12 12-12h200c6.627 0 12 5.373 12 12zm-252 12c0 19.882-16.118 36-36 36s-36-16.118-36-36 16.118-36 36-36 36 16.118 36 36zm0 96c0 19.882-16.118 36-36 36s-36-16.118-36-36 16.118-36 36-36 36 16.118 36 36zm0 96c0 19.882-16.118 36-36 36s-36-16.118-36-36 16.118-36 36-36 36 16.118 36 36z\"><\/path><\/svg>\t\t\t<\/span>\n\t\t\t\t\t\t\t\t\t<span class=\"elementor-button-text\">Spontaneous application<\/span>\n\t\t\t\t\t<\/span>\n\t\t\t\t\t<\/a>\n\t\t\t\t<\/div>\n\t\t\t\t\t\t\t\t<\/div>\n\t\t\t\t<\/div>\n\t\t\t\t<div class=\"elementor-element elementor-element-2838ea5 elementor-align-center elementor-button-info elementor-widget elementor-widget-button\" data-id=\"2838ea5\" data-element_type=\"widget\" data-e-type=\"widget\" data-widget_type=\"button.default\">\n\t\t\t\t<div class=\"elementor-widget-container\">\n\t\t\t\t\t\t\t\t\t<div class=\"elementor-button-wrapper\">\n\t\t\t\t\t<a class=\"elementor-button elementor-button-link elementor-size-md elementor-animation-grow\" href=\"https:\/\/www.coppernic.fr\/prehome-carrieres-fr\/jobs-liste-fr\/\">\n\t\t\t\t\t\t<span class=\"elementor-button-content-wrapper\">\n\t\t\t\t\t\t<span class=\"elementor-button-icon\">\n\t\t\t\t<svg aria-hidden=\"true\" class=\"e-font-icon-svg e-far-list-alt\" viewBox=\"0 0 512 512\" xmlns=\"http:\/\/www.w3.org\/2000\/svg\"><path d=\"M464 32H48C21.49 32 0 53.49 0 80v352c0 26.51 21.49 48 48 48h416c26.51 0 48-21.49 48-48V80c0-26.51-21.49-48-48-48zm-6 400H54a6 6 0 0 1-6-6V86a6 6 0 0 1 6-6h404a6 6 0 0 1 6 6v340a6 6 0 0 1-6 6zm-42-92v24c0 6.627-5.373 12-12 12H204c-6.627 0-12-5.373-12-12v-24c0-6.627 5.373-12 12-12h200c6.627 0 12 5.373 12 12zm0-96v24c0 6.627-5.373 12-12 12H204c-6.627 0-12-5.373-12-12v-24c0-6.627 5.373-12 12-12h200c6.627 0 12 5.373 12 12zm0-96v24c0 6.627-5.373 12-12 12H204c-6.627 0-12-5.373-12-12v-24c0-6.627 5.373-12 12-12h200c6.627 0 12 5.373 12 12zm-252 12c0 19.882-16.118 36-36 36s-36-16.118-36-36 16.118-36 36-36 36 16.118 36 36zm0 96c0 19.882-16.118 36-36 36s-36-16.118-36-36 16.118-36 36-36 36 16.118 36 36zm0 96c0 19.882-16.118 36-36 36s-36-16.118-36-36 16.118-36 36-36 36 16.118 36 36z\"><\/path><\/svg>\t\t\t<\/span>\n\t\t\t\t\t\t\t\t\t<span class=\"elementor-button-text\">consult our job offers<\/span>\n\t\t\t\t\t<\/span>\n\t\t\t\t\t<\/a>\n\t\t\t\t<\/div>\n\t\t\t\t\t\t\t\t<\/div>\n\t\t\t\t<\/div>\n\t\t\t\t\t<\/div>\n\t\t\t\t<\/div>\n\t\t\t\t<\/div>\n\t\t\t\t\t<\/div>\n\t\t\t\t<\/div>\n\t\t\t\t<\/div>\n\t\t","protected":false},"excerpt":{"rendered":"<p>CAREERS Our job offers Join a dynamic team in an innovative sector!Coppernic is growing in a constantly evolving sector of [&hellip;]<\/p>\n","protected":false},"author":2,"featured_media":0,"parent":0,"menu_order":73,"comment_status":"closed","ping_status":"closed","template":"elementor_theme","meta":{"rs_blank_template":"","rs_page_bg_color":"","slide_template_v7":"","footnotes":""},"class_list":["post-8006","page","type-page","status-publish","hentry"],"yoast_head":"<!-- This site is optimized with the Yoast SEO plugin v27.4 - https:\/\/yoast.com\/product\/yoast-seo-wordpress\/ -->\n<title>Prehome Careers - Coppernic<\/title>\n<meta name=\"robots\" content=\"index, follow, max-snippet:-1, max-image-preview:large, max-video-preview:-1\" \/>\n<link rel=\"canonical\" href=\"https:\/\/www.coppernic.fr\/en\/prehome-careers-en\/\" \/>\n<meta property=\"og:locale\" content=\"en_US\" \/>\n<meta property=\"og:type\" content=\"article\" \/>\n<meta property=\"og:title\" content=\"Prehome Careers - Coppernic\" \/>\n<meta property=\"og:description\" content=\"CAREERS Our job offers Join a dynamic team in an innovative sector!Coppernic is growing in a constantly evolving sector of [&hellip;]\" \/>\n<meta property=\"og:url\" content=\"https:\/\/www.coppernic.fr\/en\/prehome-careers-en\/\" \/>\n<meta property=\"og:site_name\" content=\"Coppernic\" \/>\n<meta property=\"article:modified_time\" content=\"2024-07-10T07:43:44+00:00\" \/>\n<meta property=\"og:image\" content=\"https:\/\/www.coppernic.fr\/wp-content\/uploads\/logo-header-red-baseline-1.webp\" \/>\n<meta name=\"twitter:card\" content=\"summary_large_image\" \/>\n<meta name=\"twitter:site\" content=\"@copp_official\" \/>\n<meta name=\"twitter:label1\" content=\"Est. reading time\" \/>\n\t<meta name=\"twitter:data1\" content=\"1 minute\" \/>\n<script type=\"application\/ld+json\" class=\"yoast-schema-graph\">{\"@context\":\"https:\\\/\\\/schema.org\",\"@graph\":[{\"@type\":\"WebPage\",\"@id\":\"https:\\\/\\\/www.coppernic.fr\\\/en\\\/prehome-careers-en\\\/\",\"url\":\"https:\\\/\\\/www.coppernic.fr\\\/en\\\/prehome-careers-en\\\/\",\"name\":\"Prehome Careers - Coppernic\",\"isPartOf\":{\"@id\":\"https:\\\/\\\/www.coppernic.fr\\\/en\\\/#website\"},\"primaryImageOfPage\":{\"@id\":\"https:\\\/\\\/www.coppernic.fr\\\/en\\\/prehome-careers-en\\\/#primaryimage\"},\"image\":{\"@id\":\"https:\\\/\\\/www.coppernic.fr\\\/en\\\/prehome-careers-en\\\/#primaryimage\"},\"thumbnailUrl\":\"https:\\\/\\\/www.coppernic.fr\\\/wp-content\\\/uploads\\\/logo-header-red-baseline-1.webp\",\"datePublished\":\"2019-03-27T16:34:30+00:00\",\"dateModified\":\"2024-07-10T07:43:44+00:00\",\"breadcrumb\":{\"@id\":\"https:\\\/\\\/www.coppernic.fr\\\/en\\\/prehome-careers-en\\\/#breadcrumb\"},\"inLanguage\":\"en-US\",\"potentialAction\":[{\"@type\":\"ReadAction\",\"target\":[\"https:\\\/\\\/www.coppernic.fr\\\/en\\\/prehome-careers-en\\\/\"]}]},{\"@type\":\"ImageObject\",\"inLanguage\":\"en-US\",\"@id\":\"https:\\\/\\\/www.coppernic.fr\\\/en\\\/prehome-careers-en\\\/#primaryimage\",\"url\":\"https:\\\/\\\/www.coppernic.fr\\\/wp-content\\\/uploads\\\/logo-header-red-baseline-1.webp\",\"contentUrl\":\"https:\\\/\\\/www.coppernic.fr\\\/wp-content\\\/uploads\\\/logo-header-red-baseline-1.webp\"},{\"@type\":\"BreadcrumbList\",\"@id\":\"https:\\\/\\\/www.coppernic.fr\\\/en\\\/prehome-careers-en\\\/#breadcrumb\",\"itemListElement\":[{\"@type\":\"ListItem\",\"position\":1,\"name\":\"Accueil\",\"item\":\"https:\\\/\\\/www.coppernic.fr\\\/en\\\/home-coppernic\\\/\"},{\"@type\":\"ListItem\",\"position\":2,\"name\":\"Prehome Careers\"}]},{\"@type\":\"WebSite\",\"@id\":\"https:\\\/\\\/www.coppernic.fr\\\/en\\\/#website\",\"url\":\"https:\\\/\\\/www.coppernic.fr\\\/en\\\/\",\"name\":\"Coppernic\",\"description\":\"Sp\u00e9cialiste Mobilit\u00e9 &amp; Data (RFID, PDA, Biom\u00e9trie, Terminaux mobiles)\",\"publisher\":{\"@id\":\"https:\\\/\\\/www.coppernic.fr\\\/en\\\/#organization\"},\"potentialAction\":[{\"@type\":\"SearchAction\",\"target\":{\"@type\":\"EntryPoint\",\"urlTemplate\":\"https:\\\/\\\/www.coppernic.fr\\\/en\\\/?s={search_term_string}\"},\"query-input\":{\"@type\":\"PropertyValueSpecification\",\"valueRequired\":true,\"valueName\":\"search_term_string\"}}],\"inLanguage\":\"en-US\"},{\"@type\":\"Organization\",\"@id\":\"https:\\\/\\\/www.coppernic.fr\\\/en\\\/#organization\",\"name\":\"Coppernic\",\"url\":\"https:\\\/\\\/www.coppernic.fr\\\/en\\\/\",\"logo\":{\"@type\":\"ImageObject\",\"inLanguage\":\"en-US\",\"@id\":\"https:\\\/\\\/www.coppernic.fr\\\/en\\\/#\\\/schema\\\/logo\\\/image\\\/\",\"url\":\"https:\\\/\\\/www.coppernic.fr\\\/wp-content\\\/uploads\\\/logo-coppernic.png\",\"contentUrl\":\"https:\\\/\\\/www.coppernic.fr\\\/wp-content\\\/uploads\\\/logo-coppernic.png\",\"width\":376,\"height\":70,\"caption\":\"Coppernic\"},\"image\":{\"@id\":\"https:\\\/\\\/www.coppernic.fr\\\/en\\\/#\\\/schema\\\/logo\\\/image\\\/\"},\"sameAs\":[\"https:\\\/\\\/x.com\\\/copp_official\",\"https:\\\/\\\/www.instagram.com\\\/coppernic\\\/\",\"https:\\\/\\\/www.linkedin.com\\\/company\\\/coppernic\\\/?originalSubdomain=fr\",\"https:\\\/\\\/www.youtube.com\\\/channel\\\/UCx0Zv93T0HSocw9gELDvjKw\"]}]}<\/script>\n<!-- \/ Yoast SEO plugin. -->","yoast_head_json":{"title":"Prehome Careers - Coppernic","robots":{"index":"index","follow":"follow","max-snippet":"max-snippet:-1","max-image-preview":"max-image-preview:large","max-video-preview":"max-video-preview:-1"},"canonical":"https:\/\/www.coppernic.fr\/en\/prehome-careers-en\/","og_locale":"en_US","og_type":"article","og_title":"Prehome Careers - Coppernic","og_description":"CAREERS Our job offers Join a dynamic team in an innovative sector!Coppernic is growing in a constantly evolving sector of [&hellip;]","og_url":"https:\/\/www.coppernic.fr\/en\/prehome-careers-en\/","og_site_name":"Coppernic","article_modified_time":"2024-07-10T07:43:44+00:00","og_image":[{"url":"https:\/\/www.coppernic.fr\/wp-content\/uploads\/logo-header-red-baseline-1.webp","type":"","width":"","height":""}],"twitter_card":"summary_large_image","twitter_site":"@copp_official","twitter_misc":{"Est. reading time":"1 minute"},"schema":{"@context":"https:\/\/schema.org","@graph":[{"@type":"WebPage","@id":"https:\/\/www.coppernic.fr\/en\/prehome-careers-en\/","url":"https:\/\/www.coppernic.fr\/en\/prehome-careers-en\/","name":"Prehome Careers - Coppernic","isPartOf":{"@id":"https:\/\/www.coppernic.fr\/en\/#website"},"primaryImageOfPage":{"@id":"https:\/\/www.coppernic.fr\/en\/prehome-careers-en\/#primaryimage"},"image":{"@id":"https:\/\/www.coppernic.fr\/en\/prehome-careers-en\/#primaryimage"},"thumbnailUrl":"https:\/\/www.coppernic.fr\/wp-content\/uploads\/logo-header-red-baseline-1.webp","datePublished":"2019-03-27T16:34:30+00:00","dateModified":"2024-07-10T07:43:44+00:00","breadcrumb":{"@id":"https:\/\/www.coppernic.fr\/en\/prehome-careers-en\/#breadcrumb"},"inLanguage":"en-US","potentialAction":[{"@type":"ReadAction","target":["https:\/\/www.coppernic.fr\/en\/prehome-careers-en\/"]}]},{"@type":"ImageObject","inLanguage":"en-US","@id":"https:\/\/www.coppernic.fr\/en\/prehome-careers-en\/#primaryimage","url":"https:\/\/www.coppernic.fr\/wp-content\/uploads\/logo-header-red-baseline-1.webp","contentUrl":"https:\/\/www.coppernic.fr\/wp-content\/uploads\/logo-header-red-baseline-1.webp"},{"@type":"BreadcrumbList","@id":"https:\/\/www.coppernic.fr\/en\/prehome-careers-en\/#breadcrumb","itemListElement":[{"@type":"ListItem","position":1,"name":"Accueil","item":"https:\/\/www.coppernic.fr\/en\/home-coppernic\/"},{"@type":"ListItem","position":2,"name":"Prehome Careers"}]},{"@type":"WebSite","@id":"https:\/\/www.coppernic.fr\/en\/#website","url":"https:\/\/www.coppernic.fr\/en\/","name":"Coppernic","description":"Sp\u00e9cialiste Mobilit\u00e9 &amp; Data (RFID, PDA, Biom\u00e9trie, Terminaux mobiles)","publisher":{"@id":"https:\/\/www.coppernic.fr\/en\/#organization"},"potentialAction":[{"@type":"SearchAction","target":{"@type":"EntryPoint","urlTemplate":"https:\/\/www.coppernic.fr\/en\/?s={search_term_string}"},"query-input":{"@type":"PropertyValueSpecification","valueRequired":true,"valueName":"search_term_string"}}],"inLanguage":"en-US"},{"@type":"Organization","@id":"https:\/\/www.coppernic.fr\/en\/#organization","name":"Coppernic","url":"https:\/\/www.coppernic.fr\/en\/","logo":{"@type":"ImageObject","inLanguage":"en-US","@id":"https:\/\/www.coppernic.fr\/en\/#\/schema\/logo\/image\/","url":"https:\/\/www.coppernic.fr\/wp-content\/uploads\/logo-coppernic.png","contentUrl":"https:\/\/www.coppernic.fr\/wp-content\/uploads\/logo-coppernic.png","width":376,"height":70,"caption":"Coppernic"},"image":{"@id":"https:\/\/www.coppernic.fr\/en\/#\/schema\/logo\/image\/"},"sameAs":["https:\/\/x.com\/copp_official","https:\/\/www.instagram.com\/coppernic\/","https:\/\/www.linkedin.com\/company\/coppernic\/?originalSubdomain=fr","https:\/\/www.youtube.com\/channel\/UCx0Zv93T0HSocw9gELDvjKw"]}]}},"_links":{"self":[{"href":"https:\/\/www.coppernic.fr\/en\/wp-json\/wp\/v2\/pages\/8006","targetHints":{"allow":["GET"]}}],"collection":[{"href":"https:\/\/www.coppernic.fr\/en\/wp-json\/wp\/v2\/pages"}],"about":[{"href":"https:\/\/www.coppernic.fr\/en\/wp-json\/wp\/v2\/types\/page"}],"author":[{"embeddable":true,"href":"https:\/\/www.coppernic.fr\/en\/wp-json\/wp\/v2\/users\/2"}],"replies":[{"embeddable":true,"href":"https:\/\/www.coppernic.fr\/en\/wp-json\/wp\/v2\/comments?post=8006"}],"version-history":[{"count":0,"href":"https:\/\/www.coppernic.fr\/en\/wp-json\/wp\/v2\/pages\/8006\/revisions"}],"wp:attachment":[{"href":"https:\/\/www.coppernic.fr\/en\/wp-json\/wp\/v2\/media?parent=8006"}],"curies":[{"name":"wp","href":"https:\/\/api.w.org\/{rel}","templated":true}]}}