{"id":54607,"date":"2021-09-24T11:34:39","date_gmt":"2021-09-24T09:34:39","guid":{"rendered":"https:\/\/www.coppernic.fr\/?page_id=54607"},"modified":"2025-04-22T11:31:36","modified_gmt":"2025-04-22T09:31:36","slug":"cookie-policy","status":"publish","type":"page","link":"https:\/\/www.coppernic.fr\/en\/cookie-policy\/","title":{"rendered":"Cookie Policy"},"content":{"rendered":"\t\t<div data-elementor-type=\"wp-page\" data-elementor-id=\"54607\" class=\"elementor elementor-54607 elementor-54582\" data-elementor-post-type=\"page\">\n\t\t\t\t\t\t<section class=\"elementor-section elementor-top-section elementor-element elementor-element-8eeb0d1 elementor-section-height-min-height elementor-section-boxed elementor-section-height-default elementor-section-items-middle\" data-id=\"8eeb0d1\" data-element_type=\"section\" data-e-type=\"section\" data-settings=\"{&quot;background_background&quot;:&quot;classic&quot;}\">\n\t\t\t\t\t\t<div class=\"elementor-container elementor-column-gap-default\">\n\t\t\t\t\t<div class=\"elementor-column elementor-col-100 elementor-top-column elementor-element elementor-element-8e554b6\" data-id=\"8e554b6\" data-element_type=\"column\" data-e-type=\"column\">\n\t\t\t<div class=\"elementor-widget-wrap elementor-element-populated\">\n\t\t\t\t\t\t<div class=\"elementor-element elementor-element-bea8537 elementor-widget elementor-widget-image\" data-id=\"bea8537\" data-element_type=\"widget\" data-e-type=\"widget\" data-widget_type=\"image.default\">\n\t\t\t\t<div class=\"elementor-widget-container\">\n\t\t\t\t\t\t\t\t\t\t\t\t\t\t\t<img fetchpriority=\"high\" decoding=\"async\" width=\"651\" height=\"82\" src=\"https:\/\/www.coppernic.fr\/wp-content\/uploads\/logo-header-footer-1.png\" class=\"attachment-large size-large wp-image-77375\" alt=\"\" srcset=\"https:\/\/www.coppernic.fr\/wp-content\/uploads\/logo-header-footer-1.png 651w, https:\/\/www.coppernic.fr\/wp-content\/uploads\/logo-header-footer-1-300x38.png 300w\" sizes=\"(max-width: 651px) 100vw, 651px\" \/>\t\t\t\t\t\t\t\t\t\t\t\t\t\t\t<\/div>\n\t\t\t\t<\/div>\n\t\t\t\t<div class=\"elementor-element elementor-element-2070562 elementor-widget elementor-widget-heading\" data-id=\"2070562\" data-element_type=\"widget\" data-e-type=\"widget\" data-widget_type=\"heading.default\">\n\t\t\t\t<div class=\"elementor-widget-container\">\n\t\t\t\t\t<h1 class=\"elementor-heading-title elementor-size-default\">Cookie Management Policy\n<\/h1>\t\t\t\t<\/div>\n\t\t\t\t<\/div>\n\t\t\t\t<div class=\"elementor-element elementor-element-4f530da elementor-widget-divider--view-line elementor-widget elementor-widget-divider\" data-id=\"4f530da\" data-element_type=\"widget\" data-e-type=\"widget\" data-widget_type=\"divider.default\">\n\t\t\t\t<div class=\"elementor-widget-container\">\n\t\t\t\t\t\t\t<div class=\"elementor-divider\">\n\t\t\t<span class=\"elementor-divider-separator\">\n\t\t\t\t\t\t<\/span>\n\t\t<\/div>\n\t\t\t\t\t\t<\/div>\n\t\t\t\t<\/div>\n\t\t\t\t\t<\/div>\n\t\t<\/div>\n\t\t\t\t\t<\/div>\n\t\t<\/section>\n\t\t\t\t<section class=\"elementor-section elementor-top-section elementor-element elementor-element-387c819 elementor-section-boxed elementor-section-height-default elementor-section-height-default\" data-id=\"387c819\" data-element_type=\"section\" data-e-type=\"section\">\n\t\t\t\t\t\t<div class=\"elementor-container elementor-column-gap-default\">\n\t\t\t\t\t<div class=\"elementor-column elementor-col-100 elementor-top-column elementor-element elementor-element-b5a19b8\" data-id=\"b5a19b8\" data-element_type=\"column\" data-e-type=\"column\">\n\t\t\t<div class=\"elementor-widget-wrap elementor-element-populated\">\n\t\t\t\t\t\t<div class=\"elementor-element elementor-element-aa778e4 elementor-widget elementor-widget-html\" data-id=\"aa778e4\" data-element_type=\"widget\" data-e-type=\"widget\" data-widget_type=\"html.default\">\n\t\t\t\t<div class=\"elementor-widget-container\">\n\t\t\t\t\t\n<div class=\"content-cdk cookies-policy\">\nTo make its website working well, Coppernic uses cookies to measure and analyze the audience of its platform. You can still manage these cookies and choose which ones you want to accept.\n\nHow to make your choices?\n<h3>On your Browser<\/h3>\nDepending on the Internet browser you use, you can set beforehand the acceptance or refusal of cookies that are proposed to you during your navigation.\nEven before they are registered, cookies can be refused systematically.\nThe setting of the systematic refusal of technical cookies and functionalities is nevertheless likely to harm your browsing comfort, even to prevent the use of some of our services requiring the use of these same cookies.\nWhere appropriate, we are not liable for the consequences of the poor functioning of our websites and services resulting from the impossibility for us to record or consult the cookies necessary for their operation and that you have refused or deleted.\nFor the management of cookies and your choices, the configuration of each browser is different. It is described in the help menu of your browser, which will allow you to know how to change your wishes for cookies.\n<ul>\n \n \t<li>Microsoft Edge : <a href=\"https:\/\/support.microsoft.com\/en-us\/windows\/manage-cookies-in-microsoft-edge-view-allow-block-delete-and-use-168dab11-0753-043d-7c16-ede5947fc64d\" target=\"_blank\" rel=\"noopener noreferrer\">Manage cookies in Microsoft Edge: View, allow, block, delete and use<\/a><\/li>\n \t<li>Apple Safari : <a href=\"https:\/\/support.apple.com\/en-ca\/guide\/safari\/sfri11471\/mac\" target=\"_blank\" rel=\"noopener noreferrer\">Clear cookies in Safari on Mac<\/a><\/li>\n \t<li>Google Chrome : <a href=\"https:\/\/support.google.com\/chrome\/answer\/95647?hl=en\" target=\"_blank\" rel=\"noopener noreferrer\">Delete, allow and manage cookies in Chrome\n<\/a><\/li>\n \t<li>Mozilla Firefox : <a href=\"https:\/\/support.mozilla.org\/en-US\/kb\/enhanced-tracking-protection-firefox-desktop\" target=\"_blank\" rel=\"noopener noreferrer\">Enhanced Tracking Protection in Firefox for desktop<\/a><\/li>\n \t<li>Opera : <a href=\"https:\/\/help.opera.com\/en\/latest\/web-preferences\/\" target=\"_blank\" rel=\"noopener noreferrer\">Web preferences<\/a><\/li>\n<\/ul>\n<h3>\"Do not track\"<\/h3>\nYou can also set your browser to send a code indicating which websites you do not want to be followed (\"Do not track\" option).\n<ul>\n  \t<li>Microsoft Edge : <a href=\"https:\/\/privacy.microsoft.com\/fr-fr\/windows-10-microsoft-edge-and-privacy\" target=\"_blank\" rel=\"noopener noreferrer\">Microsoft Edge, browsing data, and privacy<\/a><\/li>\n  \t<li>Apple Safari : <a href=\"https:\/\/support.apple.com\/en-mz\/guide\/safari\/sfri40732\/mac\" target=\"_blank\" rel=\"noopener noreferrer\">Prevent cross-site tracking in Safari on Mac\n<\/a><\/li>\n \t<li>Google Chrome : <a href=\"https:\/\/support.google.com\/chrome\/answer\/2790761?hl=en\" target=\"_blank\" rel=\"noopener noreferrer\">Turn \"Do Not Track\" on or off\n<\/a><\/li>\n \t<li>Mozilla Firefox : <a href=\"https:\/\/support.mozilla.org\/en-US\/kb\/how-do-i-turn-do-not-track-feature\" target=\"_blank\" rel=\"noopener noreferrer\">How do I turn on the Do Not Track feature?<\/a><\/li>\n \t<li>Opera : <a href=\"https:\/\/help.opera.com\/en\/latest\/web-preferences\/#privacy\" target=\"_blank\" rel=\"noopener noreferrer\">Web Preferences<\/a><\/li>\n<\/ul>\n<h3>Online<\/h3>\n<h4>For audience measurement cookies and analytics cookies<\/h4>\nFor audience measurement cookies and analytics cookies Analytical cookies allow us to obtain anonymous statistics of visits to our site in order to optimize it and detect any malfunctions. They are deposited on our site by Google Analytics. If you do not want our sites and services to store cookies in your browser for audience measurement purposes, you can click on the following links where you will find additional information :\nCookies Google Analytics :\n<a href=\"https:\/\/tools.google.com\/dlpage\/gaoptout\" target=\"_blank\" rel=\"noopener noreferrer\">https:\/\/tools.google.com\/dlpage\/gaoptout<\/a>\n<h4>For \u00ab Social Networks \u00bb cookies<\/h4>\nWe use Social Network Action button of Instagram, YouTube and Linkedin. \n<br>\n\nTo manage your data on YouTube :\n<a href=\"https:\/\/www.youtube.com\/intl\/en_us\/howyoutubeworks\/user-settings\/privacy\/\" target=\"_blank\" rel=\"noopener noreferrer\">Privacy controls<\/a>\n<br>\nTo manage your data on Instagram :\n<a href=\"https:\/\/privacycenter.instagram.com\/policy\/?entry_point=ig_help_center_data_policy_redirect\" target=\"_blank\" rel=\"noopener noreferrer\">What is the Privacy Policy and what does it cover?<\/a>\n<br>\nTo manage your data on Linkedin :\n<a href=\"https:\/\/www.linkedin.com\/legal\/cookie-policy?trk=homepage-basic_footer-cookie-policy\" target=\"_blank\" rel=\"noopener noreferrer\">Cookie Policy<\/a>\n<br>\nDisable these cookies prevents any interaction with social networks.\n<\/div>\n\t\t\t\t<\/div>\n\t\t\t\t<\/div>\n\t\t\t\t\t<\/div>\n\t\t<\/div>\n\t\t\t\t\t<\/div>\n\t\t<\/section>\n\t\t\t\t<\/div>\n\t\t","protected":false},"excerpt":{"rendered":"<p>Cookie Management Policy To make its website working well, Coppernic uses cookies to measure and analyze the audience of its [&hellip;]<\/p>\n","protected":false},"author":2,"featured_media":0,"parent":0,"menu_order":78,"comment_status":"closed","ping_status":"closed","template":"elementor_theme","meta":{"rs_blank_template":"","rs_page_bg_color":"","slide_template_v7":"","footnotes":""},"class_list":["post-54607","page","type-page","status-publish","hentry"],"yoast_head":"<!-- This site is optimized with the Yoast SEO plugin v27.4 - https:\/\/yoast.com\/product\/yoast-seo-wordpress\/ -->\n<title>Cookie Policy - Coppernic<\/title>\n<meta name=\"robots\" content=\"index, follow, max-snippet:-1, max-image-preview:large, max-video-preview:-1\" \/>\n<link rel=\"canonical\" href=\"https:\/\/www.coppernic.fr\/en\/cookie-policy\/\" \/>\n<meta property=\"og:locale\" content=\"en_US\" \/>\n<meta property=\"og:type\" content=\"article\" \/>\n<meta property=\"og:title\" content=\"Cookie Policy - Coppernic\" \/>\n<meta property=\"og:description\" content=\"Cookie Management Policy To make its website working well, Coppernic uses cookies to measure and analyze the audience of its [&hellip;]\" \/>\n<meta property=\"og:url\" content=\"https:\/\/www.coppernic.fr\/en\/cookie-policy\/\" \/>\n<meta property=\"og:site_name\" content=\"Coppernic\" \/>\n<meta property=\"article:modified_time\" content=\"2025-04-22T09:31:36+00:00\" \/>\n<meta property=\"og:image\" content=\"https:\/\/www.coppernic.fr\/wp-content\/uploads\/logo-header-footer-1.png\" \/>\n\t<meta property=\"og:image:width\" content=\"651\" \/>\n\t<meta property=\"og:image:height\" content=\"82\" \/>\n\t<meta property=\"og:image:type\" content=\"image\/png\" \/>\n<meta name=\"twitter:card\" content=\"summary_large_image\" \/>\n<meta name=\"twitter:site\" content=\"@copp_official\" \/>\n<meta name=\"twitter:label1\" content=\"Est. reading time\" \/>\n\t<meta name=\"twitter:data1\" content=\"3 minutes\" \/>\n<script type=\"application\/ld+json\" class=\"yoast-schema-graph\">{\"@context\":\"https:\\\/\\\/schema.org\",\"@graph\":[{\"@type\":\"WebPage\",\"@id\":\"https:\\\/\\\/www.coppernic.fr\\\/en\\\/cookie-policy\\\/\",\"url\":\"https:\\\/\\\/www.coppernic.fr\\\/en\\\/cookie-policy\\\/\",\"name\":\"Cookie Policy - Coppernic\",\"isPartOf\":{\"@id\":\"https:\\\/\\\/www.coppernic.fr\\\/en\\\/#website\"},\"primaryImageOfPage\":{\"@id\":\"https:\\\/\\\/www.coppernic.fr\\\/en\\\/cookie-policy\\\/#primaryimage\"},\"image\":{\"@id\":\"https:\\\/\\\/www.coppernic.fr\\\/en\\\/cookie-policy\\\/#primaryimage\"},\"thumbnailUrl\":\"https:\\\/\\\/www.coppernic.fr\\\/wp-content\\\/uploads\\\/logo-header-footer-1.png\",\"datePublished\":\"2021-09-24T09:34:39+00:00\",\"dateModified\":\"2025-04-22T09:31:36+00:00\",\"breadcrumb\":{\"@id\":\"https:\\\/\\\/www.coppernic.fr\\\/en\\\/cookie-policy\\\/#breadcrumb\"},\"inLanguage\":\"en-US\",\"potentialAction\":[{\"@type\":\"ReadAction\",\"target\":[\"https:\\\/\\\/www.coppernic.fr\\\/en\\\/cookie-policy\\\/\"]}]},{\"@type\":\"ImageObject\",\"inLanguage\":\"en-US\",\"@id\":\"https:\\\/\\\/www.coppernic.fr\\\/en\\\/cookie-policy\\\/#primaryimage\",\"url\":\"https:\\\/\\\/www.coppernic.fr\\\/wp-content\\\/uploads\\\/logo-header-footer-1.png\",\"contentUrl\":\"https:\\\/\\\/www.coppernic.fr\\\/wp-content\\\/uploads\\\/logo-header-footer-1.png\"},{\"@type\":\"BreadcrumbList\",\"@id\":\"https:\\\/\\\/www.coppernic.fr\\\/en\\\/cookie-policy\\\/#breadcrumb\",\"itemListElement\":[{\"@type\":\"ListItem\",\"position\":1,\"name\":\"Accueil\",\"item\":\"https:\\\/\\\/www.coppernic.fr\\\/en\\\/home-coppernic\\\/\"},{\"@type\":\"ListItem\",\"position\":2,\"name\":\"Cookie Policy\"}]},{\"@type\":\"WebSite\",\"@id\":\"https:\\\/\\\/www.coppernic.fr\\\/en\\\/#website\",\"url\":\"https:\\\/\\\/www.coppernic.fr\\\/en\\\/\",\"name\":\"Coppernic\",\"description\":\"Sp\u00e9cialiste Mobilit\u00e9 &amp; Data (RFID, PDA, Biom\u00e9trie, Terminaux mobiles)\",\"publisher\":{\"@id\":\"https:\\\/\\\/www.coppernic.fr\\\/en\\\/#organization\"},\"potentialAction\":[{\"@type\":\"SearchAction\",\"target\":{\"@type\":\"EntryPoint\",\"urlTemplate\":\"https:\\\/\\\/www.coppernic.fr\\\/en\\\/?s={search_term_string}\"},\"query-input\":{\"@type\":\"PropertyValueSpecification\",\"valueRequired\":true,\"valueName\":\"search_term_string\"}}],\"inLanguage\":\"en-US\"},{\"@type\":\"Organization\",\"@id\":\"https:\\\/\\\/www.coppernic.fr\\\/en\\\/#organization\",\"name\":\"Coppernic\",\"url\":\"https:\\\/\\\/www.coppernic.fr\\\/en\\\/\",\"logo\":{\"@type\":\"ImageObject\",\"inLanguage\":\"en-US\",\"@id\":\"https:\\\/\\\/www.coppernic.fr\\\/en\\\/#\\\/schema\\\/logo\\\/image\\\/\",\"url\":\"https:\\\/\\\/www.coppernic.fr\\\/wp-content\\\/uploads\\\/logo-coppernic.png\",\"contentUrl\":\"https:\\\/\\\/www.coppernic.fr\\\/wp-content\\\/uploads\\\/logo-coppernic.png\",\"width\":376,\"height\":70,\"caption\":\"Coppernic\"},\"image\":{\"@id\":\"https:\\\/\\\/www.coppernic.fr\\\/en\\\/#\\\/schema\\\/logo\\\/image\\\/\"},\"sameAs\":[\"https:\\\/\\\/x.com\\\/copp_official\",\"https:\\\/\\\/www.instagram.com\\\/coppernic\\\/\",\"https:\\\/\\\/www.linkedin.com\\\/company\\\/coppernic\\\/?originalSubdomain=fr\",\"https:\\\/\\\/www.youtube.com\\\/channel\\\/UCx0Zv93T0HSocw9gELDvjKw\"]}]}<\/script>\n<!-- \/ Yoast SEO plugin. -->","yoast_head_json":{"title":"Cookie Policy - Coppernic","robots":{"index":"index","follow":"follow","max-snippet":"max-snippet:-1","max-image-preview":"max-image-preview:large","max-video-preview":"max-video-preview:-1"},"canonical":"https:\/\/www.coppernic.fr\/en\/cookie-policy\/","og_locale":"en_US","og_type":"article","og_title":"Cookie Policy - Coppernic","og_description":"Cookie Management Policy To make its website working well, Coppernic uses cookies to measure and analyze the audience of its [&hellip;]","og_url":"https:\/\/www.coppernic.fr\/en\/cookie-policy\/","og_site_name":"Coppernic","article_modified_time":"2025-04-22T09:31:36+00:00","og_image":[{"width":651,"height":82,"url":"https:\/\/www.coppernic.fr\/wp-content\/uploads\/logo-header-footer-1.png","type":"image\/png"}],"twitter_card":"summary_large_image","twitter_site":"@copp_official","twitter_misc":{"Est. reading time":"3 minutes"},"schema":{"@context":"https:\/\/schema.org","@graph":[{"@type":"WebPage","@id":"https:\/\/www.coppernic.fr\/en\/cookie-policy\/","url":"https:\/\/www.coppernic.fr\/en\/cookie-policy\/","name":"Cookie Policy - Coppernic","isPartOf":{"@id":"https:\/\/www.coppernic.fr\/en\/#website"},"primaryImageOfPage":{"@id":"https:\/\/www.coppernic.fr\/en\/cookie-policy\/#primaryimage"},"image":{"@id":"https:\/\/www.coppernic.fr\/en\/cookie-policy\/#primaryimage"},"thumbnailUrl":"https:\/\/www.coppernic.fr\/wp-content\/uploads\/logo-header-footer-1.png","datePublished":"2021-09-24T09:34:39+00:00","dateModified":"2025-04-22T09:31:36+00:00","breadcrumb":{"@id":"https:\/\/www.coppernic.fr\/en\/cookie-policy\/#breadcrumb"},"inLanguage":"en-US","potentialAction":[{"@type":"ReadAction","target":["https:\/\/www.coppernic.fr\/en\/cookie-policy\/"]}]},{"@type":"ImageObject","inLanguage":"en-US","@id":"https:\/\/www.coppernic.fr\/en\/cookie-policy\/#primaryimage","url":"https:\/\/www.coppernic.fr\/wp-content\/uploads\/logo-header-footer-1.png","contentUrl":"https:\/\/www.coppernic.fr\/wp-content\/uploads\/logo-header-footer-1.png"},{"@type":"BreadcrumbList","@id":"https:\/\/www.coppernic.fr\/en\/cookie-policy\/#breadcrumb","itemListElement":[{"@type":"ListItem","position":1,"name":"Accueil","item":"https:\/\/www.coppernic.fr\/en\/home-coppernic\/"},{"@type":"ListItem","position":2,"name":"Cookie Policy"}]},{"@type":"WebSite","@id":"https:\/\/www.coppernic.fr\/en\/#website","url":"https:\/\/www.coppernic.fr\/en\/","name":"Coppernic","description":"Sp\u00e9cialiste Mobilit\u00e9 &amp; Data (RFID, PDA, Biom\u00e9trie, Terminaux mobiles)","publisher":{"@id":"https:\/\/www.coppernic.fr\/en\/#organization"},"potentialAction":[{"@type":"SearchAction","target":{"@type":"EntryPoint","urlTemplate":"https:\/\/www.coppernic.fr\/en\/?s={search_term_string}"},"query-input":{"@type":"PropertyValueSpecification","valueRequired":true,"valueName":"search_term_string"}}],"inLanguage":"en-US"},{"@type":"Organization","@id":"https:\/\/www.coppernic.fr\/en\/#organization","name":"Coppernic","url":"https:\/\/www.coppernic.fr\/en\/","logo":{"@type":"ImageObject","inLanguage":"en-US","@id":"https:\/\/www.coppernic.fr\/en\/#\/schema\/logo\/image\/","url":"https:\/\/www.coppernic.fr\/wp-content\/uploads\/logo-coppernic.png","contentUrl":"https:\/\/www.coppernic.fr\/wp-content\/uploads\/logo-coppernic.png","width":376,"height":70,"caption":"Coppernic"},"image":{"@id":"https:\/\/www.coppernic.fr\/en\/#\/schema\/logo\/image\/"},"sameAs":["https:\/\/x.com\/copp_official","https:\/\/www.instagram.com\/coppernic\/","https:\/\/www.linkedin.com\/company\/coppernic\/?originalSubdomain=fr","https:\/\/www.youtube.com\/channel\/UCx0Zv93T0HSocw9gELDvjKw"]}]}},"_links":{"self":[{"href":"https:\/\/www.coppernic.fr\/en\/wp-json\/wp\/v2\/pages\/54607","targetHints":{"allow":["GET"]}}],"collection":[{"href":"https:\/\/www.coppernic.fr\/en\/wp-json\/wp\/v2\/pages"}],"about":[{"href":"https:\/\/www.coppernic.fr\/en\/wp-json\/wp\/v2\/types\/page"}],"author":[{"embeddable":true,"href":"https:\/\/www.coppernic.fr\/en\/wp-json\/wp\/v2\/users\/2"}],"replies":[{"embeddable":true,"href":"https:\/\/www.coppernic.fr\/en\/wp-json\/wp\/v2\/comments?post=54607"}],"version-history":[{"count":0,"href":"https:\/\/www.coppernic.fr\/en\/wp-json\/wp\/v2\/pages\/54607\/revisions"}],"wp:attachment":[{"href":"https:\/\/www.coppernic.fr\/en\/wp-json\/wp\/v2\/media?parent=54607"}],"curies":[{"name":"wp","href":"https:\/\/api.w.org\/{rel}","templated":true}]}}